{"id":7613,"date":"2025-06-16T17:31:51","date_gmt":"2025-06-16T15:31:51","guid":{"rendered":"https:\/\/sembrancher.com\/?post_type=product&#038;p=7613"},"modified":"2025-09-28T21:52:55","modified_gmt":"2025-09-28T19:52:55","slug":"2598-limone-e-lime-copie-copie-copie-copie","status":"publish","type":"product","link":"https:\/\/sembrancher.com\/it\/produit\/2598-limone-e-lime-copie-copie-copie-copie\/","title":{"rendered":"Eau Branch\u00e9e Ginger Alp 250 ml (can)"},"content":{"rendered":"<div class=\"wpb-content-wrapper\"><p>[vc_row equal_height=&#8221;yes&#8221; css=&#8221;.vc_custom_1579167632541{margin-top: 0px !important;margin-bottom: 0px !important;}&#8221;][vc_column width=&#8221;1\/2&#8243; css=&#8221;.vc_custom_1687159115878{padding-top: 15% !important;padding-right: 15% !important;padding-bottom: 15% !important;padding-left: 15% !important;background-color: #bababa !important;background-position: center !important;background-repeat: no-repeat !important;background-size: cover !important;}&#8221;]\n\t<div class=\"title-subtitle-box  vc_custom_1687159546126\" style=\" text-align: left;\">\n\t\t<h1 style=\" font-weight: normal;\" class=\"special-title\" >Sapore<\/h1>\n\t<\/div> \n\t<div class=\"gg-infobox  text-align-left \" >\n\t\t<div class=\"infobox-title\" style=\"color: #000000;\">Authentique<\/div>\n\t\t<span class=\"gg-horizontal-line\" ><\/span>\n\t\t<div class=\"infobox-description\" ><p>Une boisson d\u00e9salt\u00e9rante, p\u00e9tillante et raffin\u00e9e, particuli\u00e8rement appr\u00e9ci\u00e9e des \u00e9picuriens et sportifs, pour sa fra\u00eecheur authentique et son design raffin\u00e9.<\/p>\n<\/div>\n\t<\/div> \n\t<div class=\"gg-infobox  text-align-left \" >\n\t\t<div class=\"infobox-title\" style=\"color: #000000;\">D\u00e9gustation<\/div>\n\t\t<span class=\"gg-horizontal-line\" ><\/span>\n\t\t<div class=\"infobox-description\" ><p>\u00c0 d\u00e9guster bien fra\u00eeche de pr\u00e9f\u00e9rence lors de vos ap\u00e9ritifs, ou pour accompagner vos repas p\u00e9tillants \u00e0 la maison comme en ext\u00e9rieur. Laissez-vous charmer par ses fines bulles et son go\u00fbt l\u00e9g\u00e8rement amer en bouche et \u00e9quilibr\u00e9.<\/p>\n<\/div>\n\t<\/div> \n\t<div class=\"gg-infobox  text-align-left \" >\n\t\t<div class=\"infobox-title\" >Ingr\u00e9dients<\/div>\n\t\t<span class=\"gg-horizontal-line\" ><\/span>\n\t\t<div class=\"infobox-description\" ><p>Eau min\u00e9rale naturelle (issue de la source Saint-Etienne de Sembrancher) ; concentr\u00e9 de plantes : Sureau noir (Sambucus nigra), Ang\u00e9lique (Angelica archangelica), Benjoin (Peucedanum ostruthium), Absinthe (Artemisia absinthium), Gentiane jaune (Gentiana lutea \/ le gingembre des Alpes), Cam\u00e9risier (Lonicera caerulea) ; concentr\u00e9 de jus de citron (naturels, press\u00e9s \u00e0 froid et issus de producteurs locaux) ; sucre (2,5 g\/100 ml).<\/p>\n<\/div>\n\t<\/div> [\/vc_column][vc_column width=&#8221;1\/2&#8243; add_reveal_effect=&#8221;yes&#8221; css=&#8221;.vc_custom_1641480891660{padding-top: 15% !important;padding-right: 15% !important;padding-bottom: 15% !important;padding-left: 15% !important;background-image: url(https:\/\/sembrancher.com\/wp-content\/uploads\/2021\/08\/thym-citron.jpg?id=4624) !important;background-position: center !important;background-repeat: no-repeat !important;background-size: cover !important;}&#8221;][vc_empty_space height=&#8221;500px&#8221;][\/vc_column][\/vc_row]<\/p>\n<\/div>","protected":false},"excerpt":{"rendered":"<p>L&#8217;acqua minerale Sembrancher declinata in una leggera limonata leggermente dolce alle piante delle Alpi svizzere.<\/p>\n","protected":false},"featured_media":7642,"comment_status":"open","ping_status":"closed","template":"","meta":[],"product_brand":[],"product_cat":[225],"product_tag":[],"class_list":{"0":"post-7613","1":"product","2":"type-product","3":"status-publish","4":"has-post-thumbnail","6":"product_cat-limonata","7":"pa_nombre-x-12-it","8":"pa_nombre-x-24-it","9":"has_thumb","11":"first","12":"instock","13":"shipping-taxable","14":"purchasable","15":"product-type-variable","16":"has-default-attributes"},"yoast_head":"<!-- This site is optimized with the Yoast SEO plugin v27.4 - https:\/\/yoast.com\/product\/yoast-seo-wordpress\/ -->\n<title>Eau Branch\u00e9e Ginger Alp 250 ml (can) - Sembrancher Premium Minerals<\/title>\n<meta name=\"robots\" content=\"index, follow, max-snippet:-1, max-image-preview:large, max-video-preview:-1\" \/>\n<link rel=\"canonical\" href=\"https:\/\/sembrancher.com\/it\/produit\/2598-limone-e-lime-copie-copie-copie-copie\/\" \/>\n<meta property=\"og:locale\" content=\"it_IT\" \/>\n<meta property=\"og:type\" content=\"article\" \/>\n<meta property=\"og:title\" content=\"Eau Branch\u00e9e Ginger Alp 250 ml (can) - Sembrancher Premium Minerals\" \/>\n<meta property=\"og:description\" content=\"L&#039;acqua minerale Sembrancher declinata in una leggera limonata leggermente dolce alle piante delle Alpi svizzere.\" \/>\n<meta property=\"og:url\" content=\"https:\/\/sembrancher.com\/it\/produit\/2598-limone-e-lime-copie-copie-copie-copie\/\" \/>\n<meta property=\"og:site_name\" content=\"Sembrancher Premium Minerals\" \/>\n<meta property=\"article:modified_time\" content=\"2025-09-28T19:52:55+00:00\" \/>\n<meta property=\"og:image\" content=\"https:\/\/sembrancher.com\/wp-content\/uploads\/2025\/06\/eaux-branchees-ginger-cannette.png\" \/>\n\t<meta property=\"og:image:width\" content=\"900\" \/>\n\t<meta property=\"og:image:height\" content=\"1025\" \/>\n\t<meta property=\"og:image:type\" content=\"image\/png\" \/>\n<meta name=\"twitter:card\" content=\"summary_large_image\" \/>\n<meta name=\"twitter:label1\" content=\"Tempo di lettura stimato\" \/>\n\t<meta name=\"twitter:data1\" content=\"2 minuti\" \/>\n<!-- \/ Yoast SEO plugin. -->","yoast_head_json":{"title":"Eau Branch\u00e9e Ginger Alp 250 ml (can) - Sembrancher Premium Minerals","robots":{"index":"index","follow":"follow","max-snippet":"max-snippet:-1","max-image-preview":"max-image-preview:large","max-video-preview":"max-video-preview:-1"},"canonical":"https:\/\/sembrancher.com\/it\/produit\/2598-limone-e-lime-copie-copie-copie-copie\/","og_locale":"it_IT","og_type":"article","og_title":"Eau Branch\u00e9e Ginger Alp 250 ml (can) - Sembrancher Premium Minerals","og_description":"L'acqua minerale Sembrancher declinata in una leggera limonata leggermente dolce alle piante delle Alpi svizzere.","og_url":"https:\/\/sembrancher.com\/it\/produit\/2598-limone-e-lime-copie-copie-copie-copie\/","og_site_name":"Sembrancher Premium Minerals","article_modified_time":"2025-09-28T19:52:55+00:00","og_image":[{"width":900,"height":1025,"url":"https:\/\/sembrancher.com\/wp-content\/uploads\/2025\/06\/eaux-branchees-ginger-cannette.png","type":"image\/png"}],"twitter_card":"summary_large_image","twitter_misc":{"Tempo di lettura stimato":"2 minuti"},"schema":{"@context":"https:\/\/schema.org","@graph":[{"@type":"WebPage","@id":"https:\/\/sembrancher.com\/it\/produit\/2598-limone-e-lime-copie-copie-copie-copie\/","url":"https:\/\/sembrancher.com\/it\/produit\/2598-limone-e-lime-copie-copie-copie-copie\/","name":"Eau Branch\u00e9e Ginger Alp 250 ml (can) - Sembrancher Premium Minerals","isPartOf":{"@id":"https:\/\/sembrancher.com\/it\/#website"},"primaryImageOfPage":{"@id":"https:\/\/sembrancher.com\/it\/produit\/2598-limone-e-lime-copie-copie-copie-copie\/#primaryimage"},"image":{"@id":"https:\/\/sembrancher.com\/it\/produit\/2598-limone-e-lime-copie-copie-copie-copie\/#primaryimage"},"thumbnailUrl":"https:\/\/sembrancher.com\/wp-content\/uploads\/2025\/06\/eaux-branchees-ginger-cannette.png","datePublished":"2025-06-16T15:31:51+00:00","dateModified":"2025-09-28T19:52:55+00:00","breadcrumb":{"@id":"https:\/\/sembrancher.com\/it\/produit\/2598-limone-e-lime-copie-copie-copie-copie\/#breadcrumb"},"inLanguage":"it-IT","potentialAction":[{"@type":"ReadAction","target":["https:\/\/sembrancher.com\/it\/produit\/2598-limone-e-lime-copie-copie-copie-copie\/"]}]},{"@type":"ImageObject","inLanguage":"it-IT","@id":"https:\/\/sembrancher.com\/it\/produit\/2598-limone-e-lime-copie-copie-copie-copie\/#primaryimage","url":"https:\/\/sembrancher.com\/wp-content\/uploads\/2025\/06\/eaux-branchees-ginger-cannette.png","contentUrl":"https:\/\/sembrancher.com\/wp-content\/uploads\/2025\/06\/eaux-branchees-ginger-cannette.png","width":900,"height":1025},{"@type":"BreadcrumbList","@id":"https:\/\/sembrancher.com\/it\/produit\/2598-limone-e-lime-copie-copie-copie-copie\/#breadcrumb","itemListElement":[{"@type":"ListItem","position":1,"name":"Accueil","item":"https:\/\/sembrancher.com\/it\/"},{"@type":"ListItem","position":2,"name":"eShop","item":"https:\/\/sembrancher.com\/it\/eshop\/"},{"@type":"ListItem","position":3,"name":"Eau Branch\u00e9e Ginger Alp 250 ml (can)"}]},{"@type":"WebSite","@id":"https:\/\/sembrancher.com\/it\/#website","url":"https:\/\/sembrancher.com\/it\/","name":"Sembrancher Premium Minerals","description":"Swiss Alps","publisher":{"@id":"https:\/\/sembrancher.com\/it\/#organization"},"potentialAction":[{"@type":"SearchAction","target":{"@type":"EntryPoint","urlTemplate":"https:\/\/sembrancher.com\/it\/?s={search_term_string}"},"query-input":{"@type":"PropertyValueSpecification","valueRequired":true,"valueName":"search_term_string"}}],"inLanguage":"it-IT"},{"@type":"Organization","@id":"https:\/\/sembrancher.com\/it\/#organization","name":"Sembrancher Premium Minerals","url":"https:\/\/sembrancher.com\/it\/","logo":{"@type":"ImageObject","inLanguage":"it-IT","@id":"https:\/\/sembrancher.com\/it\/#\/schema\/logo\/image\/","url":"https:\/\/sembrancher.com\/wp-content\/uploads\/2021\/07\/cropped-cropped-logo-1.png","contentUrl":"https:\/\/sembrancher.com\/wp-content\/uploads\/2021\/07\/cropped-cropped-logo-1.png","width":660,"height":164,"caption":"Sembrancher Premium Minerals"},"image":{"@id":"https:\/\/sembrancher.com\/it\/#\/schema\/logo\/image\/"}}]}},"jetpack_sharing_enabled":true,"_links":{"self":[{"href":"https:\/\/sembrancher.com\/it\/wp-json\/wp\/v2\/product\/7613","targetHints":{"allow":["GET"]}}],"collection":[{"href":"https:\/\/sembrancher.com\/it\/wp-json\/wp\/v2\/product"}],"about":[{"href":"https:\/\/sembrancher.com\/it\/wp-json\/wp\/v2\/types\/product"}],"replies":[{"embeddable":true,"href":"https:\/\/sembrancher.com\/it\/wp-json\/wp\/v2\/comments?post=7613"}],"wp:featuredmedia":[{"embeddable":true,"href":"https:\/\/sembrancher.com\/it\/wp-json\/wp\/v2\/media\/7642"}],"wp:attachment":[{"href":"https:\/\/sembrancher.com\/it\/wp-json\/wp\/v2\/media?parent=7613"}],"wp:term":[{"taxonomy":"product_brand","embeddable":true,"href":"https:\/\/sembrancher.com\/it\/wp-json\/wp\/v2\/product_brand?post=7613"},{"taxonomy":"product_cat","embeddable":true,"href":"https:\/\/sembrancher.com\/it\/wp-json\/wp\/v2\/product_cat?post=7613"},{"taxonomy":"product_tag","embeddable":true,"href":"https:\/\/sembrancher.com\/it\/wp-json\/wp\/v2\/product_tag?post=7613"}],"curies":[{"name":"wp","href":"https:\/\/api.w.org\/{rel}","templated":true}]}}