{"id":6207,"date":"2023-06-16T21:51:54","date_gmt":"2023-06-16T19:51:54","guid":{"rendered":"https:\/\/sembrancher-vispu43002.live-website.com\/les-associes\/"},"modified":"2024-01-05T18:26:55","modified_gmt":"2024-01-05T17:26:55","slug":"soci-e-squadra","status":"publish","type":"page","link":"https:\/\/sembrancher.com\/it\/soci-e-squadra\/","title":{"rendered":"Soci e squadra"},"content":{"rendered":"<div class=\"wpb-content-wrapper\"><p>[vc_row][vc_column css=&#8221;.vc_custom_1580216206787{padding-right: 0px !important;padding-left: 0px !important;}&#8221;][vc_empty_space height=&#8221;52px&#8221;][\/vc_column][\/vc_row][vc_row][vc_column css=&#8221;.vc_custom_1580216206787{padding-right: 0px !important;padding-left: 0px !important;}&#8221;]\n\t<div class=\"image-collage-wrapper \">\n\t<div class=\"image-grid-collage\">\n\t<\/div>\n\t<div class=\"image-grid-content-wrapper\">\n\t<div class=\"image-grid-content\"><h4><span class=\"toptitle\">Delle convinzion<\/span> Valorizzazione del territorio<\/h4>\n\t\t<span class=\"gg-horizontal-line\"><\/span>\n\t\t<div class=\"grid-description\"><p><span style=\"color: #000;\"><strong>Due imprenditori appassionati che condividono la convinzione che tutto sia possibile per chi sa afferrare il proprio destino con entusiasmo, impegno, agilit\u00e0 e innovazione.<\/strong><\/span><\/p>\n<\/div>\n\t<\/div>\n\t<\/div>\n\t<\/div>[\/vc_column][\/vc_row][vc_row][vc_column width=&#8221;1\/6&#8243;][\/vc_column][vc_column width=&#8221;2\/3&#8243; css=&#8221;.vc_custom_1576836932037{background-image: url(http:\/\/okthemes.com\/lucia-vineyards-demo\/wp-content\/uploads\/2019\/12\/expanded-quotes.png?id=2197) !important;background-position: 0 0 !important;background-repeat: no-repeat !important;}&#8221; el_class=&#8221;background-position-center&#8221;]\n\t<blockquote style=\"color: #000000;\" class=\"gg-vc-quote  remove_blockquotes font_size_normal text-align-center \">\n\tDal giorno della tua nascita, la vita \u00e8 un torrente che scende a picco lungo le pendici\n\t<cite>Proverbio tibetano<\/cite>\n\t<\/blockquote>[\/vc_column][vc_column width=&#8221;1\/6&#8243;][\/vc_column][\/vc_row][vc_row][vc_column css=&#8221;.vc_custom_1580216234559{padding-right: 0px !important;padding-left: 0px !important;}&#8221;]\n\t<div class=\"title-subtitle-box  vc_custom_1687002180437\" style=\" text-align: center;\">\n\t\t<h1 style=\" font-weight: normal;\" class=\"special-title\" >Valorizzazione dell'acqua minerale<\/h1>\n\t\t<div class=\"box-description\"><p>&#8220;Sin dal giorno della tua nascita, la vita \u00e8 un torrente che scende gi\u00f9 per le pendici&#8221;, un proverbio tibetano caro al cuore di Christian Guex, che nel 2014 si \u00e8 unito all&#8217;avventura di Sembrancher insieme a Olivier Genin, co-fondatori nel 2008 della Societ\u00e0 delle Acque Minerali di Sembrancher in Svizzera. Due imprenditori appassionati che condividono la convinzione che tutto sia possibile per chi sa afferrare il proprio destino con entusiasmo, impegno, agilit\u00e0 e innovazione. Sapere mantenere il corso conservando i propri valori di base, essere capaci di rimbalzare, adattarsi, evolversi, sia sulle acque dolci di un fiume che su quelle pi\u00f9 avventurose di un torrente, \u00e8 anche questo lo spirito imprenditoriale. E quando tutto ci\u00f2 si combina in un&#8217;armoniosa alchimia con una <strong>visione etica impegnata nella valorizzazione delle persone, nella preservazione del pianeta<\/strong> e nell&#8217;amore per le artigianalit\u00e0 locali di qualit\u00e0&#8230; non pu\u00f2 che crescere e contribuire a un mondo pi\u00f9 responsabile. Il rispetto per la natura e le sue risorse, quello rivolto ai loro collaboratori &#8211; che, come amano dire, sono i loro primi clienti -, la convinzione che tutto sia un perpetuo apprendimento e opportunit\u00e0 di crescita, questi artigiani dell&#8217;acqua onorano sia la loro ragione d&#8217;essere che la loro eccellenza nel saper fare. Benvenuti nel cuore dell&#8217;anima di Sembrancher, uomini e donne che lavorano per la valorizzazione di un&#8217;acqua minerale premium svizzera<strong> proveniente dal Mont Catogne<\/strong>, a soli pochi battiti d&#8217;ala di aquile dal Monte Bianco.<\/p>\n<\/div>\n\t<\/div> [\/vc_column][\/vc_row][vc_row equal_height=&#8221;yes&#8221; content_placement=&#8221;middle&#8221;][vc_column width=&#8221;1\/2&#8243; css=&#8221;.vc_custom_1652257518360{padding-top: 15% !important;padding-right: 15% !important;padding-bottom: 15% !important;padding-left: 15% !important;background-color: #dddddd !important;}&#8221;][vc_row_inner][vc_column_inner]\n\t<div class=\"title-subtitle-box  \" style=\" text-align: left;\">\n\t\t<h1 style=\" font-weight: normal;\" class=\"special-title\" >\n\t\t<span class=\"toptitle\" style=\"\">Fondatore.<\/span>Olivier Genin<\/h1>\n\t\t<span class=\"gg-horizontal-line\"><\/span>\n\t<\/div> [\/vc_column_inner][\/vc_row_inner][vc_row_inner][vc_column_inner][vc_column_text]Ho fondato con Christian la Societ\u00e0 di Sfruttamento delle Acque di Sembrancher. Un&#8217;azienda etica e innovativa situata nel cuore di un <strong>splendido scrigno di verde<\/strong> nelle Alpi Svizzere.[\/vc_column_text][\/vc_column_inner][\/vc_row_inner][vc_row_inner css=&#8221;.vc_custom_1578664829427{margin-top: 2em !important;}&#8221;][vc_column_inner offset=&#8221;vc_col-md-4&#8243;]\n\t<div class=\"gg-special-link-wrapper  text-align-left\"><a  class=\"gg-special-link underline_effect \" href=\"https:\/\/www.linkedin.com\/in\/oliviergenin-\/\" title=\"\" target=\"_blank\">Linkedin<\/a><\/div>[\/vc_column_inner][vc_column_inner offset=&#8221;vc_col-md-4&#8243;]\n\t<div class=\"gg-special-link-wrapper  text-align-left\"><a  class=\"gg-special-link underline_effect \" href=\"https:\/\/sembrancher.com\/it\/olivier-genin\/\" title=\"Olivier Genin\" target=\"_self\">Per saperne di pi\u00f9<\/a><\/div>[\/vc_column_inner][\/vc_row_inner][\/vc_column][vc_column width=&#8221;1\/2&#8243; add_reveal_effect=&#8221;yes&#8221; css=&#8221;.vc_custom_1673340468949{padding-top: 10% !important;padding-right: 10% !important;padding-bottom: 10% !important;padding-left: 10% !important;background-image: url(https:\/\/sembrancher.com\/wp-content\/uploads\/2023\/01\/ogn.png?id=5431) !important;background-position: center !important;background-repeat: no-repeat !important;background-size: cover !important;}&#8221;][vc_empty_space height=&#8221;500px&#8221;][\/vc_column][\/vc_row][vc_row equal_height=&#8221;yes&#8221; content_placement=&#8221;middle&#8221; disable_element=&#8221;yes&#8221;][vc_column width=&#8221;1\/2&#8243; add_reveal_effect=&#8221;yes&#8221; css=&#8221;.vc_custom_1652442443833{padding-top: 10% !important;padding-right: 10% !important;padding-bottom: 10% !important;padding-left: 10% !important;background-image: url(https:\/\/sembrancher.com\/wp-content\/uploads\/2022\/05\/majestic-catogne.jpg?id=5007) !important;background-position: center !important;background-repeat: no-repeat !important;background-size: cover !important;}&#8221;][vc_empty_space height=&#8221;500px&#8221;][\/vc_column][vc_column width=&#8221;1\/2&#8243; css=&#8221;.vc_custom_1652257538208{padding-top: 15% !important;padding-right: 15% !important;padding-bottom: 15% !important;padding-left: 15% !important;background-color: #dddddd !important;}&#8221;][vc_row_inner][vc_column_inner]\n\t<div class=\"title-subtitle-box  \" style=\" text-align: left;\">\n\t\t<h1 style=\" font-weight: normal;\" class=\"special-title\" >\n\t\t<span class=\"toptitle\" style=\"\">Fondateur<\/span>Jurgen Dewijn<\/h1>\n\t\t<span class=\"gg-horizontal-line\"><\/span>\n\t\t<div class=\"box-description\"><p>Cofondateur de la Soci\u00e9t\u00e9 des Eaux Min\u00e9rales de Sembrancher en Suisse. Ma conviction profonde, tout comme le pr\u00e9cisait Peter Drucker, professeur et consultant am\u00e9ricain en management, est que nous sommes r\u00e9solument les architectes de notre vie.<\/p>\n<\/div>\n\t<\/div> [\/vc_column_inner][\/vc_row_inner][vc_row_inner css=&#8221;.vc_custom_1578664829427{margin-top: 2em !important;}&#8221;][vc_column_inner offset=&#8221;vc_col-md-4&#8243;]\n\t<div class=\"gg-special-link-wrapper  text-align-left\"><a  class=\"gg-special-link underline_effect \" href=\"https:\/\/www.linkedin.com\/in\/jurgen-dewijn-0972a2214\/\" title=\"\" target=\"_blank\">Linkedin<\/a><\/div>[\/vc_column_inner][vc_column_inner offset=&#8221;vc_col-md-4&#8243;]\n\t<div class=\"gg-special-link-wrapper  text-align-left\"><a  class=\"gg-special-link underline_effect \" href=\"https:\/\/sembrancher.com\/qui-sommes-nous\/jurgen-dewijn\/\" title=\"Jurgen Dewijn\" target=\"_self\">En savoir plus<\/a><\/div>[\/vc_column_inner][\/vc_row_inner][\/vc_column][\/vc_row][vc_row equal_height=&#8221;yes&#8221; content_placement=&#8221;middle&#8221;][vc_column width=&#8221;1\/2&#8243; css=&#8221;.vc_custom_1652257550699{padding-top: 15% !important;padding-right: 15% !important;padding-bottom: 15% !important;padding-left: 15% !important;background-color: #dddddd !important;}&#8221;][vc_row_inner][vc_column_inner]\n\t<div class=\"title-subtitle-box  \" style=\" text-align: left;\">\n\t\t<h1 style=\" font-weight: normal;\" class=\"special-title\" >\n\t\t<span class=\"toptitle\" style=\"\">Fondatore<\/span>Christian Guex<\/h1>\n\t\t<span class=\"gg-horizontal-line\"><\/span>\n\t\t<div class=\"box-description\"><p>Nel 2014 mi sono unito alla meravigliosa avventura imprenditoriale della Societ\u00e0 delle Acque Minerali di Sembrancher in Svizzera. Il saggio Confucio affermava: &#8220;Scegli un lavoro che ami e non dovrai lavorare neanche un giorno della tua vita&#8221;, una famosa citazione che mi conforta nell&#8217;idea che \u00e8 un grande privilegio poterlo realizzare.<\/p>\n<p>&nbsp;<\/p>\n<\/div>\n\t<\/div> [\/vc_column_inner][\/vc_row_inner][vc_row_inner css=&#8221;.vc_custom_1578664829427{margin-top: 2em !important;}&#8221;][vc_column_inner offset=&#8221;vc_col-md-4&#8243;]\n\t<div class=\"gg-special-link-wrapper  text-align-left\"><a  class=\"gg-special-link underline_effect \" href=\"https:\/\/www.linkedin.com\/in\/christian-guex-3a560a55\/\" title=\"\" target=\"_blank\">Linkedin<\/a><\/div>[\/vc_column_inner][vc_column_inner offset=&#8221;vc_col-md-4&#8243;]\n\t<div class=\"gg-special-link-wrapper  text-align-left\"><a  class=\"gg-special-link underline_effect \" href=\"https:\/\/sembrancher.com\/it\/christian-guex\/\" title=\"Christian Guex\" target=\"_self\">Per saperne di pi\u00f9<\/a><\/div>[\/vc_column_inner][\/vc_row_inner][\/vc_column][vc_column width=&#8221;1\/2&#8243; add_reveal_effect=&#8221;yes&#8221; css=&#8221;.vc_custom_1673340535995{padding-top: 10% !important;padding-right: 10% !important;padding-bottom: 10% !important;padding-left: 10% !important;background-image: url(https:\/\/sembrancher.com\/wp-content\/uploads\/2023\/01\/cgx.png?id=5435) !important;background-position: center !important;background-repeat: no-repeat !important;background-size: cover !important;}&#8221;][vc_empty_space height=&#8221;500px&#8221;][\/vc_column][\/vc_row][vc_row disable_element=&#8221;yes&#8221; video=&#8221;show_video&#8221; video_mp4=&#8221;http:\/\/okthemes.com\/lucia-vineyards-demo\/wp-content\/uploads\/2020\/02\/dummy-video.mp4&#8243; video_image=&#8221;3809&#8243; el_id=&#8221;video&#8221;][vc_column][vc_empty_space height=&#8221;600px&#8221;][\/vc_column][\/vc_row][vc_row][vc_column css=&#8221;.vc_custom_1580216234559{padding-right: 0px !important;padding-left: 0px !important;}&#8221;]\n\t<div class=\"title-subtitle-box  vc_custom_1687002336062\" style=\" text-align: center;\">\n\t\t<h1 style=\" font-weight: normal;\" class=\"special-title\" >\n\t\t<span class=\"toptitle\" style=\"\">Il nostro team<\/span>Impegno e energia positiva<\/h1>\n\t\t<div class=\"box-description\"><p>Se chiedi al team di Sembrancher di precisare perch\u00e9 si sono uniti all&#8217;avventura di S.E.E.M.S S.A., evidenziano la convivialit\u00e0, la stretta vicinanza dell&#8217;azienda, i valori ecologicamente responsabili condivisi, ma anche la passione ispiratrice per un lavoro ben fatto, l&#8217;impegno e la capacit\u00e0 innovativa al servizio della qualit\u00e0. Il tutto sostenuto da una priorit\u00e0 fondamentale, onorare le risorse naturali del pianeta e l&#8217;essere umano che vi abita. Quanto a ci\u00f2 che li anima quotidianamente nella pratica dei loro rispettivi mestieri all&#8217;interno di Sembrancher? La gratitudine di agire insieme nel cuore di una squadra motivata a dare il meglio di s\u00e9 stessa per raggiungere gli obiettivi della loro azienda. Senza dubbio uno spirito sincero e determinato che contribuisce a plasmare ogni giorno la bella energia positiva di Sembrancher.<\/p>\n<p>&nbsp;<\/p>\n<\/div>\n\t<\/div> [vc_row_inner][vc_column_inner width=&#8221;1\/3&#8243;]\n\t<div class=\"team-member-box  text-align-left\">\n\t\t<figure>\n\t\t<div class=\"team-image-wrapper reveal-effect masker wow\">\n\t\t\t<img loading=\"lazy\" decoding=\"async\" width=\"1502\" height=\"1354\" src=\"https:\/\/sembrancher.com\/wp-content\/uploads\/2023\/02\/benjamin.jpg\" class=\"vc_single_image-img attachment-full\" alt=\"\" title=\"benjamin\" srcset=\"https:\/\/sembrancher.com\/wp-content\/uploads\/2023\/02\/benjamin.jpg 1502w, https:\/\/sembrancher.com\/wp-content\/uploads\/2023\/02\/benjamin-300x270.jpg 300w, https:\/\/sembrancher.com\/wp-content\/uploads\/2023\/02\/benjamin-1024x923.jpg 1024w, https:\/\/sembrancher.com\/wp-content\/uploads\/2023\/02\/benjamin-768x692.jpg 768w\" sizes=\"auto, (max-width: 1502px) 100vw, 1502px\" \/>\n\t\t<\/div>\n\t\t<figcaption>\n\t\t\t<div class=\"member-position\">Ingegnere industriale<\/div> \n\t\t\t<h3>Benjamin<\/h3>\n\t\t<span class=\"gg-horizontal-line\"><\/span>\n\t\t\t<div class=\"member-description\"><p>Ottimizza la gestione della produzione e le buone pratiche di fabbricazione.<\/p>\n<\/div>\n\t\t<\/figcaption>\n\t\t<\/figure>\n\t<\/div> [\/vc_column_inner][vc_column_inner width=&#8221;1\/3&#8243;]\n\t<div class=\"team-member-box  text-align-left\">\n\t\t<figure>\n\t\t<div class=\"team-image-wrapper reveal-effect masker wow\">\n\t\t\t<img loading=\"lazy\" decoding=\"async\" width=\"1502\" height=\"1354\" src=\"https:\/\/sembrancher.com\/wp-content\/uploads\/2023\/02\/rodolphe.jpg\" class=\"vc_single_image-img attachment-full\" alt=\"\" title=\"rodolphe\" srcset=\"https:\/\/sembrancher.com\/wp-content\/uploads\/2023\/02\/rodolphe.jpg 1502w, https:\/\/sembrancher.com\/wp-content\/uploads\/2023\/02\/rodolphe-300x270.jpg 300w, https:\/\/sembrancher.com\/wp-content\/uploads\/2023\/02\/rodolphe-1024x923.jpg 1024w, https:\/\/sembrancher.com\/wp-content\/uploads\/2023\/02\/rodolphe-768x692.jpg 768w\" sizes=\"auto, (max-width: 1502px) 100vw, 1502px\" \/>\n\t\t<\/div>\n\t\t<figcaption>\n\t\t\t<div class=\"member-position\">RESPONSABILE DI PRODUZIONE<\/div> \n\t\t\t<h3>Rodolphe<\/h3>\n\t\t<span class=\"gg-horizontal-line\"><\/span>\n\t\t\t<div class=\"member-description\"><p>Collabora quotidianamente all&#8217;operativit\u00e0 e al corretto funzionamento della linea di produzione.<\/p>\n<\/div>\n\t\t<\/figcaption>\n\t\t<\/figure>\n\t<\/div> [\/vc_column_inner][vc_column_inner width=&#8221;1\/3&#8243;]\n\t<div class=\"team-member-box  text-align-left\">\n\t\t<figure>\n\t\t<div class=\"team-image-wrapper reveal-effect masker wow\">\n\t\t\t<img loading=\"lazy\" decoding=\"async\" width=\"1502\" height=\"1354\" src=\"https:\/\/sembrancher.com\/wp-content\/uploads\/2023\/02\/laurence.jpg\" class=\"vc_single_image-img attachment-full\" alt=\"\" title=\"laurence\" srcset=\"https:\/\/sembrancher.com\/wp-content\/uploads\/2023\/02\/laurence.jpg 1502w, https:\/\/sembrancher.com\/wp-content\/uploads\/2023\/02\/laurence-300x270.jpg 300w, https:\/\/sembrancher.com\/wp-content\/uploads\/2023\/02\/laurence-1024x923.jpg 1024w, https:\/\/sembrancher.com\/wp-content\/uploads\/2023\/02\/laurence-768x692.jpg 768w\" sizes=\"auto, (max-width: 1502px) 100vw, 1502px\" \/>\n\t\t<\/div>\n\t\t<figcaption>\n\t\t\t<div class=\"member-position\">RESPONSABILE DI PRODUZIONE<\/div> \n\t\t\t<h3>Laurence<\/h3>\n\t\t<span class=\"gg-horizontal-line\"><\/span>\n\t\t\t<div class=\"member-description\"><p>Collabora quotidianamente all&#8217;operativit\u00e0 e al corretto funzionamento della linea di produzione.<\/p>\n<\/div>\n\t\t<\/figcaption>\n\t\t<\/figure>\n\t<\/div> [\/vc_column_inner][\/vc_row_inner][vc_row_inner][vc_column_inner width=&#8221;1\/3&#8243;][\/vc_column_inner][vc_column_inner width=&#8221;1\/3&#8243;][\/vc_column_inner][vc_column_inner width=&#8221;1\/3&#8243;][\/vc_column_inner][\/vc_row_inner][\/vc_column][\/vc_row]<\/p>\n<\/div>","protected":false},"excerpt":{"rendered":"<p>[vc_row][vc_column css=&#8221;.vc_custom_1580216206787{padding-right: 0px !important;padding-left: 0px !important;}&#8221;][vc_empty_space height=&#8221;52px&#8221;][\/vc_column][\/vc_row][vc_row][vc_column css=&#8221;.vc_custom_1580216206787{padding-right: 0px !important;padding-left: 0px !important;}&#8221;][\/vc_column][\/vc_row][vc_row][vc_column width=&#8221;1\/6&#8243;][\/vc_column][vc_column width=&#8221;2\/3&#8243; css=&#8221;.vc_custom_1576836932037{background-image: url(http:\/\/okthemes.com\/lucia-vineyards-demo\/wp-content\/uploads\/2019\/12\/expanded-quotes.png?id=2197) !important;background-position: 0 0 !important;background-repeat: no-repeat !important;}&#8221; el_class=&#8221;background-position-center&#8221;][\/vc_column][vc_column width=&#8221;1\/6&#8243;][\/vc_column][\/vc_row][vc_row][vc_column css=&#8221;.vc_custom_1580216234559{padding-right: 0px !important;padding-left: 0px !important;}&#8221;][\/vc_column][\/vc_row][vc_row equal_height=&#8221;yes&#8221; content_placement=&#8221;middle&#8221;][vc_column width=&#8221;1\/2&#8243; css=&#8221;.vc_custom_1652257518360{padding-top: 15% !important;padding-right: 15% !important;padding-bottom: 15% !important;padding-left: 15% !important;background-color: #dddddd !important;}&#8221;][vc_row_inner][vc_column_inner][\/vc_column_inner][\/vc_row_inner][vc_row_inner][vc_column_inner][vc_column_text]Ho fondato con Christian la Societ\u00e0 di Sfruttamento delle Acque di Sembrancher. Un&#8217;azienda<\/p>\n<p class=\"more-link-wrapper\"><a class=\"btn btn-primary\" href=\"https:\/\/sembrancher.com\/it\/soci-e-squadra\/\">Read More<\/a><\/p>\n","protected":false},"author":1,"featured_media":5513,"parent":0,"menu_order":0,"comment_status":"closed","ping_status":"closed","template":"","meta":{"footnotes":""},"class_list":["post-6207","page","type-page","status-publish","has-post-thumbnail","hentry","has_thumb"],"yoast_head":"<!-- This site is optimized with the Yoast SEO plugin v27.4 - https:\/\/yoast.com\/product\/yoast-seo-wordpress\/ -->\n<title>Soci e squadra - Sembrancher Premium Minerals<\/title>\n<meta name=\"robots\" content=\"index, follow, max-snippet:-1, max-image-preview:large, max-video-preview:-1\" \/>\n<link rel=\"canonical\" href=\"https:\/\/sembrancher.com\/it\/soci-e-squadra\/\" \/>\n<meta property=\"og:locale\" content=\"it_IT\" \/>\n<meta property=\"og:type\" content=\"article\" \/>\n<meta property=\"og:title\" content=\"Soci e squadra - Sembrancher Premium Minerals\" \/>\n<meta property=\"og:description\" content=\"[vc_row][vc_column css=&#8221;.vc_custom_1580216206787{padding-right: 0px !important;padding-left: 0px !important;}&#8221;][vc_empty_space height=&#8221;52px&#8221;][\/vc_column][\/vc_row][vc_row][vc_column css=&#8221;.vc_custom_1580216206787{padding-right: 0px !important;padding-left: 0px !important;}&#8221;][\/vc_column][\/vc_row][vc_row][vc_column width=&#8221;1\/6&#8243;][\/vc_column][vc_column width=&#8221;2\/3&#8243; css=&#8221;.vc_custom_1576836932037{background-image: url(http:\/\/okthemes.com\/lucia-vineyards-demo\/wp-content\/uploads\/2019\/12\/expanded-quotes.png?id=2197) !important;background-position: 0 0 !important;background-repeat: no-repeat !important;}&#8221; el_class=&#8221;background-position-center&#8221;][\/vc_column][vc_column width=&#8221;1\/6&#8243;][\/vc_column][\/vc_row][vc_row][vc_column css=&#8221;.vc_custom_1580216234559{padding-right: 0px !important;padding-left: 0px !important;}&#8221;][\/vc_column][\/vc_row][vc_row equal_height=&#8221;yes&#8221; content_placement=&#8221;middle&#8221;][vc_column width=&#8221;1\/2&#8243; css=&#8221;.vc_custom_1652257518360{padding-top: 15% !important;padding-right: 15% !important;padding-bottom: 15% !important;padding-left: 15% !important;background-color: #dddddd !important;}&#8221;][vc_row_inner][vc_column_inner][\/vc_column_inner][\/vc_row_inner][vc_row_inner][vc_column_inner][vc_column_text]Ho fondato con Christian la Societ\u00e0 di Sfruttamento delle Acque di Sembrancher. Un&#8217;aziendaRead More\" \/>\n<meta property=\"og:url\" content=\"https:\/\/sembrancher.com\/it\/soci-e-squadra\/\" \/>\n<meta property=\"og:site_name\" content=\"Sembrancher Premium Minerals\" \/>\n<meta property=\"article:modified_time\" content=\"2024-01-05T17:26:55+00:00\" \/>\n<meta property=\"og:image\" content=\"https:\/\/sembrancher.com\/wp-content\/uploads\/2023\/02\/les-associes.png\" \/>\n\t<meta property=\"og:image:width\" content=\"1712\" \/>\n\t<meta property=\"og:image:height\" content=\"306\" \/>\n\t<meta property=\"og:image:type\" content=\"image\/png\" \/>\n<meta name=\"twitter:card\" content=\"summary_large_image\" \/>\n<meta name=\"twitter:label1\" content=\"Tempo di lettura stimato\" \/>\n\t<meta name=\"twitter:data1\" content=\"5 minuti\" \/>\n<!-- \/ Yoast SEO plugin. -->","yoast_head_json":{"title":"Soci e squadra - Sembrancher Premium Minerals","robots":{"index":"index","follow":"follow","max-snippet":"max-snippet:-1","max-image-preview":"max-image-preview:large","max-video-preview":"max-video-preview:-1"},"canonical":"https:\/\/sembrancher.com\/it\/soci-e-squadra\/","og_locale":"it_IT","og_type":"article","og_title":"Soci e squadra - Sembrancher Premium Minerals","og_description":"[vc_row][vc_column css=&#8221;.vc_custom_1580216206787{padding-right: 0px !important;padding-left: 0px !important;}&#8221;][vc_empty_space height=&#8221;52px&#8221;][\/vc_column][\/vc_row][vc_row][vc_column css=&#8221;.vc_custom_1580216206787{padding-right: 0px !important;padding-left: 0px !important;}&#8221;][\/vc_column][\/vc_row][vc_row][vc_column width=&#8221;1\/6&#8243;][\/vc_column][vc_column width=&#8221;2\/3&#8243; css=&#8221;.vc_custom_1576836932037{background-image: url(http:\/\/okthemes.com\/lucia-vineyards-demo\/wp-content\/uploads\/2019\/12\/expanded-quotes.png?id=2197) !important;background-position: 0 0 !important;background-repeat: no-repeat !important;}&#8221; el_class=&#8221;background-position-center&#8221;][\/vc_column][vc_column width=&#8221;1\/6&#8243;][\/vc_column][\/vc_row][vc_row][vc_column css=&#8221;.vc_custom_1580216234559{padding-right: 0px !important;padding-left: 0px !important;}&#8221;][\/vc_column][\/vc_row][vc_row equal_height=&#8221;yes&#8221; content_placement=&#8221;middle&#8221;][vc_column width=&#8221;1\/2&#8243; css=&#8221;.vc_custom_1652257518360{padding-top: 15% !important;padding-right: 15% !important;padding-bottom: 15% !important;padding-left: 15% !important;background-color: #dddddd !important;}&#8221;][vc_row_inner][vc_column_inner][\/vc_column_inner][\/vc_row_inner][vc_row_inner][vc_column_inner][vc_column_text]Ho fondato con Christian la Societ\u00e0 di Sfruttamento delle Acque di Sembrancher. Un&#8217;aziendaRead More","og_url":"https:\/\/sembrancher.com\/it\/soci-e-squadra\/","og_site_name":"Sembrancher Premium Minerals","article_modified_time":"2024-01-05T17:26:55+00:00","og_image":[{"width":1712,"height":306,"url":"https:\/\/sembrancher.com\/wp-content\/uploads\/2023\/02\/les-associes.png","type":"image\/png"}],"twitter_card":"summary_large_image","twitter_misc":{"Tempo di lettura stimato":"5 minuti"},"schema":{"@context":"https:\/\/schema.org","@graph":[{"@type":"WebPage","@id":"https:\/\/sembrancher.com\/it\/soci-e-squadra\/","url":"https:\/\/sembrancher.com\/it\/soci-e-squadra\/","name":"Soci e squadra - Sembrancher Premium Minerals","isPartOf":{"@id":"https:\/\/sembrancher.com\/it\/#website"},"primaryImageOfPage":{"@id":"https:\/\/sembrancher.com\/it\/soci-e-squadra\/#primaryimage"},"image":{"@id":"https:\/\/sembrancher.com\/it\/soci-e-squadra\/#primaryimage"},"thumbnailUrl":"https:\/\/sembrancher.com\/wp-content\/uploads\/2023\/02\/les-associes.png","datePublished":"2023-06-16T19:51:54+00:00","dateModified":"2024-01-05T17:26:55+00:00","breadcrumb":{"@id":"https:\/\/sembrancher.com\/it\/soci-e-squadra\/#breadcrumb"},"inLanguage":"it-IT","potentialAction":[{"@type":"ReadAction","target":["https:\/\/sembrancher.com\/it\/soci-e-squadra\/"]}]},{"@type":"ImageObject","inLanguage":"it-IT","@id":"https:\/\/sembrancher.com\/it\/soci-e-squadra\/#primaryimage","url":"https:\/\/sembrancher.com\/wp-content\/uploads\/2023\/02\/les-associes.png","contentUrl":"https:\/\/sembrancher.com\/wp-content\/uploads\/2023\/02\/les-associes.png","width":1712,"height":306},{"@type":"BreadcrumbList","@id":"https:\/\/sembrancher.com\/it\/soci-e-squadra\/#breadcrumb","itemListElement":[{"@type":"ListItem","position":1,"name":"Accueil","item":"https:\/\/sembrancher.com\/it\/"},{"@type":"ListItem","position":2,"name":"Soci e squadra"}]},{"@type":"WebSite","@id":"https:\/\/sembrancher.com\/it\/#website","url":"https:\/\/sembrancher.com\/it\/","name":"Sembrancher Premium Minerals","description":"Swiss Alps","publisher":{"@id":"https:\/\/sembrancher.com\/it\/#organization"},"potentialAction":[{"@type":"SearchAction","target":{"@type":"EntryPoint","urlTemplate":"https:\/\/sembrancher.com\/it\/?s={search_term_string}"},"query-input":{"@type":"PropertyValueSpecification","valueRequired":true,"valueName":"search_term_string"}}],"inLanguage":"it-IT"},{"@type":"Organization","@id":"https:\/\/sembrancher.com\/it\/#organization","name":"Sembrancher Premium Minerals","url":"https:\/\/sembrancher.com\/it\/","logo":{"@type":"ImageObject","inLanguage":"it-IT","@id":"https:\/\/sembrancher.com\/it\/#\/schema\/logo\/image\/","url":"https:\/\/sembrancher.com\/wp-content\/uploads\/2021\/07\/cropped-cropped-logo-1.png","contentUrl":"https:\/\/sembrancher.com\/wp-content\/uploads\/2021\/07\/cropped-cropped-logo-1.png","width":660,"height":164,"caption":"Sembrancher Premium Minerals"},"image":{"@id":"https:\/\/sembrancher.com\/it\/#\/schema\/logo\/image\/"}}]}},"jetpack_sharing_enabled":true,"_links":{"self":[{"href":"https:\/\/sembrancher.com\/it\/wp-json\/wp\/v2\/pages\/6207","targetHints":{"allow":["GET"]}}],"collection":[{"href":"https:\/\/sembrancher.com\/it\/wp-json\/wp\/v2\/pages"}],"about":[{"href":"https:\/\/sembrancher.com\/it\/wp-json\/wp\/v2\/types\/page"}],"author":[{"embeddable":true,"href":"https:\/\/sembrancher.com\/it\/wp-json\/wp\/v2\/users\/1"}],"replies":[{"embeddable":true,"href":"https:\/\/sembrancher.com\/it\/wp-json\/wp\/v2\/comments?post=6207"}],"version-history":[{"count":9,"href":"https:\/\/sembrancher.com\/it\/wp-json\/wp\/v2\/pages\/6207\/revisions"}],"predecessor-version":[{"id":6880,"href":"https:\/\/sembrancher.com\/it\/wp-json\/wp\/v2\/pages\/6207\/revisions\/6880"}],"wp:featuredmedia":[{"embeddable":true,"href":"https:\/\/sembrancher.com\/it\/wp-json\/wp\/v2\/media\/5513"}],"wp:attachment":[{"href":"https:\/\/sembrancher.com\/it\/wp-json\/wp\/v2\/media?parent=6207"}],"curies":[{"name":"wp","href":"https:\/\/api.w.org\/{rel}","templated":true}]}}