{"id":6183,"date":"2023-06-16T21:50:30","date_gmt":"2023-06-16T19:50:30","guid":{"rendered":"https:\/\/sembrancher-vispu43002.live-website.com\/cgv\/"},"modified":"2023-06-19T10:13:55","modified_gmt":"2023-06-19T08:13:55","slug":"cgv","status":"publish","type":"page","link":"https:\/\/sembrancher.com\/it\/cgv\/","title":{"rendered":"Condizioni generali di vendita"},"content":{"rendered":"<div class=\"wpb-content-wrapper\"><p>[vc_row][vc_column][vc_column_text]<\/p>\n<h2>1. PREMESSA<\/h2>\n<p>Il sito web Sembrancher.com \u00e8 un sito di e-commerce gestito dalla Societ\u00e0 d&#8217;Exploitation des Eaux Min\u00e9rales de SEMBRANCHER (SEEMS SA) con sede in Route du Grand-Saint-Bernard 82, 1933 Sembrancher, CH. Ha lo scopo di consentire la distribuzione di varie bevande (alcoliche e non alcoliche) e prodotti alimentari a base di lievito e altri prodotti correlati ai consumatori.<\/p>\n<h2>2. OGGETTO<\/h2>\n<p>Le presenti Condizioni Generali di Vendita hanno lo scopo di definire le condizioni tecniche, giuridiche e finanziarie in cui SEEMS consegna ai suoi clienti consumatori l&#8217;Ordine, in cambio del pagamento del prezzo indicato nella Conferma dell&#8217;Ordine.<\/p>\n<h2>3. DEFINIZIONI<\/h2>\n<p>Acquirente: Internauta che effettua un ordine sul sito. Ordine: Insieme dei prodotti che l&#8217;Acquirente desidera ordinare sul sito. Conferma dell&#8217;Ordine: Documento che riassume le informazioni essenziali dell&#8217;Ordine inviato da SEEMS all&#8217;Acquirente nel pi\u00f9 breve tempo possibile a partire dalla ricezione dell&#8217;Ordine da parte di quest&#8217;ultimo. Internauta: Ogni persona che si connette al sito per prendere visione dei prodotti offerti, potenzialmente acquirente. Carrello: Prodotti selezionati dall&#8217;Acquirente per l&#8217;Ordine. Prodotti: Bevande, prodotti alimentari e altri prodotti presentati sul sito. Sito: Sito web di cui SEEMS \u00e8 editore, accessibile all&#8217;indirizzo seguente: www.sembrancher.com.<\/p>\n<h2>4. DOCUMENTI CONTRATTUALI<\/h2>\n<p>I documenti contrattuali sono, in ordine di priorit\u00e0 decrescente: le presenti Condizioni Generali di Vendita; la Conferma dell&#8217;Ordine; l&#8217;Ordine; In caso di contraddizione tra due documenti di rango diverso, le disposizioni contenute nel documento di rango superiore avranno applicazione per risolvere il conflitto di interpretazione esistente. Salvo diversa disposizione espressa tra le Parti, tutti gli altri documenti, compresi i documenti provenienti dall&#8217;Acquirente, sono esclusi dai documenti contrattuali.<\/p>\n<h2>5. ENTRATA IN VIGORE &#8211; DURATA<\/h2>\n<p>Le Condizioni Generali di Vendita applicabili all&#8217;Ordine sono quelle online alla data dell&#8217;Ordine e rimangono in vigore per tutta la durata necessaria all&#8217;esecuzione dello stesso. SEEMS si riserva la possibilit\u00e0 di modificare le sue Condizioni Generali di Vendita in qualsiasi momento, cosa che l&#8217;Acquirente accetta.<\/p>\n<h2>6. ORDINE<\/h2>\n<h3>6.1. FORMALIZZAZIONE DELL&#8217;ORDINE<\/h3>\n<p>Gli Ordini vengono effettuati direttamente dall&#8217;Acquirente sul sito. L&#8217;Acquirente che desidera effettuare un Ordine deve seguire la seguente procedura: &#8211; Scelta del prodotto: l&#8217;Acquirente seleziona il\/i prodotto\/i che desidera ordinare[\/vc_column_text][\/vc_column][\/vc_row]<\/p>\n<\/div>","protected":false},"excerpt":{"rendered":"<p>[vc_row][vc_column][vc_column_text] 1. PREMESSA Il sito web Sembrancher.com \u00e8 un sito di e-commerce gestito dalla Societ\u00e0 d&#8217;Exploitation des Eaux Min\u00e9rales de SEMBRANCHER (SEEMS SA) con sede in Route du Grand-Saint-Bernard 82, 1933 Sembrancher, CH. Ha lo scopo di consentire la distribuzione di varie bevande (alcoliche e non alcoliche) e prodotti alimentari a base di lievito e<\/p>\n<p class=\"more-link-wrapper\"><a class=\"btn btn-primary\" href=\"https:\/\/sembrancher.com\/it\/cgv\/\">Read More<\/a><\/p>\n","protected":false},"author":1,"featured_media":4611,"parent":0,"menu_order":0,"comment_status":"closed","ping_status":"closed","template":"","meta":{"footnotes":""},"class_list":["post-6183","page","type-page","status-publish","has-post-thumbnail","hentry","has_thumb"],"yoast_head":"<!-- This site is optimized with the Yoast SEO plugin v27.5 - https:\/\/yoast.com\/product\/yoast-seo-wordpress\/ -->\n<title>Condizioni generali di vendita - Sembrancher Premium Minerals<\/title>\n<meta name=\"robots\" content=\"index, follow, max-snippet:-1, max-image-preview:large, max-video-preview:-1\" \/>\n<link rel=\"canonical\" href=\"https:\/\/sembrancher.com\/it\/cgv\/\" \/>\n<meta property=\"og:locale\" content=\"it_IT\" \/>\n<meta property=\"og:type\" content=\"article\" \/>\n<meta property=\"og:title\" content=\"Condizioni generali di vendita - Sembrancher Premium Minerals\" \/>\n<meta property=\"og:description\" content=\"[vc_row][vc_column][vc_column_text] 1. PREMESSA Il sito web Sembrancher.com \u00e8 un sito di e-commerce gestito dalla Societ\u00e0 d&#8217;Exploitation des Eaux Min\u00e9rales de SEMBRANCHER (SEEMS SA) con sede in Route du Grand-Saint-Bernard 82, 1933 Sembrancher, CH. Ha lo scopo di consentire la distribuzione di varie bevande (alcoliche e non alcoliche) e prodotti alimentari a base di lievito eRead More\" \/>\n<meta property=\"og:url\" content=\"https:\/\/sembrancher.com\/it\/cgv\/\" \/>\n<meta property=\"og:site_name\" content=\"Sembrancher Premium Minerals\" \/>\n<meta property=\"article:modified_time\" content=\"2023-06-19T08:13:55+00:00\" \/>\n<meta property=\"og:image\" content=\"https:\/\/sembrancher.com\/wp-content\/uploads\/2022\/01\/eshop-header-3.png\" \/>\n\t<meta property=\"og:image:width\" content=\"1600\" \/>\n\t<meta property=\"og:image:height\" content=\"740\" \/>\n\t<meta property=\"og:image:type\" content=\"image\/png\" \/>\n<meta name=\"twitter:card\" content=\"summary_large_image\" \/>\n<meta name=\"twitter:label1\" content=\"Tempo di lettura stimato\" \/>\n\t<meta name=\"twitter:data1\" content=\"2 minuti\" \/>\n<!-- \/ Yoast SEO plugin. -->","yoast_head_json":{"title":"Condizioni generali di vendita - Sembrancher Premium Minerals","robots":{"index":"index","follow":"follow","max-snippet":"max-snippet:-1","max-image-preview":"max-image-preview:large","max-video-preview":"max-video-preview:-1"},"canonical":"https:\/\/sembrancher.com\/it\/cgv\/","og_locale":"it_IT","og_type":"article","og_title":"Condizioni generali di vendita - Sembrancher Premium Minerals","og_description":"[vc_row][vc_column][vc_column_text] 1. PREMESSA Il sito web Sembrancher.com \u00e8 un sito di e-commerce gestito dalla Societ\u00e0 d&#8217;Exploitation des Eaux Min\u00e9rales de SEMBRANCHER (SEEMS SA) con sede in Route du Grand-Saint-Bernard 82, 1933 Sembrancher, CH. Ha lo scopo di consentire la distribuzione di varie bevande (alcoliche e non alcoliche) e prodotti alimentari a base di lievito eRead More","og_url":"https:\/\/sembrancher.com\/it\/cgv\/","og_site_name":"Sembrancher Premium Minerals","article_modified_time":"2023-06-19T08:13:55+00:00","og_image":[{"width":1600,"height":740,"url":"https:\/\/sembrancher.com\/wp-content\/uploads\/2022\/01\/eshop-header-3.png","type":"image\/png"}],"twitter_card":"summary_large_image","twitter_misc":{"Tempo di lettura stimato":"2 minuti"},"schema":{"@context":"https:\/\/schema.org","@graph":[{"@type":"WebPage","@id":"https:\/\/sembrancher.com\/it\/cgv\/","url":"https:\/\/sembrancher.com\/it\/cgv\/","name":"Condizioni generali di vendita - Sembrancher Premium Minerals","isPartOf":{"@id":"https:\/\/sembrancher.com\/it\/#website"},"primaryImageOfPage":{"@id":"https:\/\/sembrancher.com\/it\/cgv\/#primaryimage"},"image":{"@id":"https:\/\/sembrancher.com\/it\/cgv\/#primaryimage"},"thumbnailUrl":"https:\/\/sembrancher.com\/wp-content\/uploads\/2022\/01\/eshop-header-3.png","datePublished":"2023-06-16T19:50:30+00:00","dateModified":"2023-06-19T08:13:55+00:00","breadcrumb":{"@id":"https:\/\/sembrancher.com\/it\/cgv\/#breadcrumb"},"inLanguage":"it-IT","potentialAction":[{"@type":"ReadAction","target":["https:\/\/sembrancher.com\/it\/cgv\/"]}]},{"@type":"ImageObject","inLanguage":"it-IT","@id":"https:\/\/sembrancher.com\/it\/cgv\/#primaryimage","url":"https:\/\/sembrancher.com\/wp-content\/uploads\/2022\/01\/eshop-header-3.png","contentUrl":"https:\/\/sembrancher.com\/wp-content\/uploads\/2022\/01\/eshop-header-3.png","width":1600,"height":740},{"@type":"BreadcrumbList","@id":"https:\/\/sembrancher.com\/it\/cgv\/#breadcrumb","itemListElement":[{"@type":"ListItem","position":1,"name":"Accueil","item":"https:\/\/sembrancher.com\/it\/"},{"@type":"ListItem","position":2,"name":"Condizioni generali di vendita"}]},{"@type":"WebSite","@id":"https:\/\/sembrancher.com\/it\/#website","url":"https:\/\/sembrancher.com\/it\/","name":"Sembrancher Premium Minerals","description":"Swiss Alps","publisher":{"@id":"https:\/\/sembrancher.com\/it\/#organization"},"potentialAction":[{"@type":"SearchAction","target":{"@type":"EntryPoint","urlTemplate":"https:\/\/sembrancher.com\/it\/?s={search_term_string}"},"query-input":{"@type":"PropertyValueSpecification","valueRequired":true,"valueName":"search_term_string"}}],"inLanguage":"it-IT"},{"@type":"Organization","@id":"https:\/\/sembrancher.com\/it\/#organization","name":"Sembrancher Premium Minerals","url":"https:\/\/sembrancher.com\/it\/","logo":{"@type":"ImageObject","inLanguage":"it-IT","@id":"https:\/\/sembrancher.com\/it\/#\/schema\/logo\/image\/","url":"https:\/\/sembrancher.com\/wp-content\/uploads\/2021\/07\/cropped-cropped-logo-1.png","contentUrl":"https:\/\/sembrancher.com\/wp-content\/uploads\/2021\/07\/cropped-cropped-logo-1.png","width":660,"height":164,"caption":"Sembrancher Premium Minerals"},"image":{"@id":"https:\/\/sembrancher.com\/it\/#\/schema\/logo\/image\/"}}]}},"jetpack_sharing_enabled":true,"_links":{"self":[{"href":"https:\/\/sembrancher.com\/it\/wp-json\/wp\/v2\/pages\/6183","targetHints":{"allow":["GET"]}}],"collection":[{"href":"https:\/\/sembrancher.com\/it\/wp-json\/wp\/v2\/pages"}],"about":[{"href":"https:\/\/sembrancher.com\/it\/wp-json\/wp\/v2\/types\/page"}],"author":[{"embeddable":true,"href":"https:\/\/sembrancher.com\/it\/wp-json\/wp\/v2\/users\/1"}],"replies":[{"embeddable":true,"href":"https:\/\/sembrancher.com\/it\/wp-json\/wp\/v2\/comments?post=6183"}],"version-history":[{"count":8,"href":"https:\/\/sembrancher.com\/it\/wp-json\/wp\/v2\/pages\/6183\/revisions"}],"predecessor-version":[{"id":6320,"href":"https:\/\/sembrancher.com\/it\/wp-json\/wp\/v2\/pages\/6183\/revisions\/6320"}],"wp:featuredmedia":[{"embeddable":true,"href":"https:\/\/sembrancher.com\/it\/wp-json\/wp\/v2\/media\/4611"}],"wp:attachment":[{"href":"https:\/\/sembrancher.com\/it\/wp-json\/wp\/v2\/media?parent=6183"}],"curies":[{"name":"wp","href":"https:\/\/api.w.org\/{rel}","templated":true}]}}