{"id":6181,"date":"2023-06-16T21:50:11","date_gmt":"2023-06-16T19:50:11","guid":{"rendered":"https:\/\/sembrancher-vispu43002.live-website.com\/olivier-genin\/"},"modified":"2023-06-17T14:50:37","modified_gmt":"2023-06-17T12:50:37","slug":"olivier-genin","status":"publish","type":"page","link":"https:\/\/sembrancher.com\/it\/olivier-genin\/","title":{"rendered":"Olivier Genin"},"content":{"rendered":"<div class=\"wpb-content-wrapper\"><p>[vc_row][vc_column width=&#8221;1\/6&#8243;][\/vc_column][vc_column width=&#8221;2\/3&#8243; css=&#8221;.vc_custom_1576836932037{background-image: url(http:\/\/okthemes.com\/lucia-vineyards-demo\/wp-content\/uploads\/2019\/12\/expanded-quotes.png?id=2197) !important;background-position: 0 0 !important;background-repeat: no-repeat !important;}&#8221; el_class=&#8221;background-position-center&#8221;]\n\t<blockquote style=\"color: #000000;\" class=\"gg-vc-quote  remove_blockquotes font_size_normal text-align-center \">\n\tMeravigliarsi delle cose semplici, un'energia che continua a nutrirmi ogni giorno, ancora e ancora...\n\t<\/blockquote>[\/vc_column][vc_column width=&#8221;1\/6&#8243;][\/vc_column][\/vc_row][vc_row][vc_column width=&#8221;1\/4&#8243;][\/vc_column][vc_column width=&#8221;1\/2&#8243; css=&#8221;.vc_custom_1580216206787{padding-right: 0px !important;padding-left: 0px !important;}&#8221;][vc_column_text css=&#8221;.vc_custom_1687006233764{background-position: center !important;background-repeat: no-repeat !important;background-size: contain !important;}&#8221;]Questa citazione prende tutto il suo senso quando ammiro con tanta gratitudine e entusiasmo questo splendido ambiente offerto dal Mont Catogne. Una montagna delle Alpi svizzere da cui proviene l&#8217;acqua minerale di Sembrancher. Come non essere trasportati da questa bellezza ultima, selvaggia, che mi ricorda, sebbene non sia necessario, quanto la natura sia preziosa, sbalorditiva e talvolta cos\u00ec fragile. Una montagna che ho avuto il piacere di scalare con i miei associati. Ed \u00e8 con questa consapevolezza acuta che la <strong>preservazione delle nostre ricchezze naturali<\/strong> non \u00e8 pi\u00f9 un&#8217;opzione, ma mi impegno ogni giorno per l&#8217;innovazione e la creativit\u00e0 al servizio del pianeta, delle sue ricchezze e degli esseri umani che vi abitano. Agisco con i nostri collaboratori per un mondo pi\u00f9 responsabile, facendo la mia parte per <strong>contribuire all&#8217;emergere di soluzioni eco-sostenibili<\/strong>, innovative e utili attraverso l&#8217;imprenditorialit\u00e0. Utili sia per l&#8217;<strong>economia locale, la valorizzazione dell&#8217;artigianato e delle competenze locali<\/strong>, che per il nostro ambiente.<\/p>\n<p>Cos\u00ec, nel cuore di ciascuna delle aziende che ho cofondato, che sia La Manufacture Urbaine a Charleroi, La R\u00e9gie Immobili\u00e8re Fiducia a Lione, o ovviamente la S.E.E.M.S SA a Sembrancher, non ho mai smesso di reinventarmi, evolvermi, progredire per agire concretamente verso qualcosa di pi\u00f9 grande. Profondamente umanista, amo credere che ogni cosa sia un&#8217;opportunit\u00e0 e che ogni azione debba essere sostenuta dai valori che promuovo, per contribuire realmente alla crescita senza perdere la propria anima e il proprio scopo lungo il cammino. L&#8217;audacia \u00e8 radicata in me, cos\u00ec come il desiderio di <strong>partecipare pragmaticamente al cambiamento<\/strong>, come un artigiano impegnato in un mondo pi\u00f9 eco-sostenibile e innovativo. Le nostre tre aziende, in Svizzera, Belgio e Francia, dimostrano che le frontiere e l&#8217;immaginazione hanno solo i limiti che ognuno impone loro. Che sia qui in questo <strong>incredibile ambiente del Mont Catogne<\/strong>, o nella Citt\u00e0 dei Gones o nel cuore di Charleroi, sono fiero di seminare i semi di un&#8217;economia circolare performante al servizio degli uomini e del nostro meraviglioso pianeta.[\/vc_column_text][\/vc_column][vc_column width=&#8221;1\/4&#8243;][\/vc_column][\/vc_row][vc_row][vc_column][vc_empty_space][\/vc_column][\/vc_row]<\/p>\n<\/div>","protected":false},"excerpt":{"rendered":"<p>[vc_row][vc_column width=&#8221;1\/6&#8243;][\/vc_column][vc_column width=&#8221;2\/3&#8243; css=&#8221;.vc_custom_1576836932037{background-image: url(http:\/\/okthemes.com\/lucia-vineyards-demo\/wp-content\/uploads\/2019\/12\/expanded-quotes.png?id=2197) !important;background-position: 0 0 !important;background-repeat: no-repeat !important;}&#8221; el_class=&#8221;background-position-center&#8221;][\/vc_column][vc_column width=&#8221;1\/6&#8243;][\/vc_column][\/vc_row][vc_row][vc_column width=&#8221;1\/4&#8243;][\/vc_column][vc_column width=&#8221;1\/2&#8243; css=&#8221;.vc_custom_1580216206787{padding-right: 0px !important;padding-left: 0px !important;}&#8221;][vc_column_text css=&#8221;.vc_custom_1687006233764{background-position: center !important;background-repeat: no-repeat !important;background-size: contain !important;}&#8221;]Questa citazione prende tutto il suo senso quando ammiro con tanta gratitudine e entusiasmo questo splendido ambiente offerto dal Mont Catogne. Una montagna delle Alpi svizzere da cui proviene<\/p>\n<p class=\"more-link-wrapper\"><a class=\"btn btn-primary\" href=\"https:\/\/sembrancher.com\/it\/olivier-genin\/\">Read More<\/a><\/p>\n","protected":false},"author":1,"featured_media":0,"parent":0,"menu_order":0,"comment_status":"closed","ping_status":"closed","template":"","meta":{"footnotes":""},"class_list":["post-6181","page","type-page","status-publish","hentry"],"yoast_head":"<!-- This site is optimized with the Yoast SEO plugin v27.4 - https:\/\/yoast.com\/product\/yoast-seo-wordpress\/ -->\n<title>Olivier Genin - Sembrancher Premium Minerals<\/title>\n<meta name=\"robots\" content=\"index, follow, max-snippet:-1, max-image-preview:large, max-video-preview:-1\" \/>\n<link rel=\"canonical\" href=\"https:\/\/sembrancher.com\/it\/olivier-genin\/\" \/>\n<meta property=\"og:locale\" content=\"it_IT\" \/>\n<meta property=\"og:type\" content=\"article\" \/>\n<meta property=\"og:title\" content=\"Olivier Genin - Sembrancher Premium Minerals\" \/>\n<meta property=\"og:description\" content=\"[vc_row][vc_column width=&#8221;1\/6&#8243;][\/vc_column][vc_column width=&#8221;2\/3&#8243; css=&#8221;.vc_custom_1576836932037{background-image: url(http:\/\/okthemes.com\/lucia-vineyards-demo\/wp-content\/uploads\/2019\/12\/expanded-quotes.png?id=2197) !important;background-position: 0 0 !important;background-repeat: no-repeat !important;}&#8221; el_class=&#8221;background-position-center&#8221;][\/vc_column][vc_column width=&#8221;1\/6&#8243;][\/vc_column][\/vc_row][vc_row][vc_column width=&#8221;1\/4&#8243;][\/vc_column][vc_column width=&#8221;1\/2&#8243; css=&#8221;.vc_custom_1580216206787{padding-right: 0px !important;padding-left: 0px !important;}&#8221;][vc_column_text css=&#8221;.vc_custom_1687006233764{background-position: center !important;background-repeat: no-repeat !important;background-size: contain !important;}&#8221;]Questa citazione prende tutto il suo senso quando ammiro con tanta gratitudine e entusiasmo questo splendido ambiente offerto dal Mont Catogne. Una montagna delle Alpi svizzere da cui provieneRead More\" \/>\n<meta property=\"og:url\" content=\"https:\/\/sembrancher.com\/it\/olivier-genin\/\" \/>\n<meta property=\"og:site_name\" content=\"Sembrancher Premium Minerals\" \/>\n<meta property=\"article:modified_time\" content=\"2023-06-17T12:50:37+00:00\" \/>\n<meta property=\"og:image\" content=\"https:\/\/sembrancher.com\/wp-content\/uploads\/2021\/07\/logo-sembrancher-minerals.png\" \/>\n\t<meta property=\"og:image:width\" content=\"280\" \/>\n\t<meta property=\"og:image:height\" content=\"164\" \/>\n\t<meta property=\"og:image:type\" content=\"image\/png\" \/>\n<meta name=\"twitter:card\" content=\"summary_large_image\" \/>\n<meta name=\"twitter:label1\" content=\"Tempo di lettura stimato\" \/>\n\t<meta name=\"twitter:data1\" content=\"2 minuti\" \/>\n<!-- \/ Yoast SEO plugin. -->","yoast_head_json":{"title":"Olivier Genin - Sembrancher Premium Minerals","robots":{"index":"index","follow":"follow","max-snippet":"max-snippet:-1","max-image-preview":"max-image-preview:large","max-video-preview":"max-video-preview:-1"},"canonical":"https:\/\/sembrancher.com\/it\/olivier-genin\/","og_locale":"it_IT","og_type":"article","og_title":"Olivier Genin - Sembrancher Premium Minerals","og_description":"[vc_row][vc_column width=&#8221;1\/6&#8243;][\/vc_column][vc_column width=&#8221;2\/3&#8243; css=&#8221;.vc_custom_1576836932037{background-image: url(http:\/\/okthemes.com\/lucia-vineyards-demo\/wp-content\/uploads\/2019\/12\/expanded-quotes.png?id=2197) !important;background-position: 0 0 !important;background-repeat: no-repeat !important;}&#8221; el_class=&#8221;background-position-center&#8221;][\/vc_column][vc_column width=&#8221;1\/6&#8243;][\/vc_column][\/vc_row][vc_row][vc_column width=&#8221;1\/4&#8243;][\/vc_column][vc_column width=&#8221;1\/2&#8243; css=&#8221;.vc_custom_1580216206787{padding-right: 0px !important;padding-left: 0px !important;}&#8221;][vc_column_text css=&#8221;.vc_custom_1687006233764{background-position: center !important;background-repeat: no-repeat !important;background-size: contain !important;}&#8221;]Questa citazione prende tutto il suo senso quando ammiro con tanta gratitudine e entusiasmo questo splendido ambiente offerto dal Mont Catogne. Una montagna delle Alpi svizzere da cui provieneRead More","og_url":"https:\/\/sembrancher.com\/it\/olivier-genin\/","og_site_name":"Sembrancher Premium Minerals","article_modified_time":"2023-06-17T12:50:37+00:00","og_image":[{"width":280,"height":164,"url":"https:\/\/sembrancher.com\/wp-content\/uploads\/2021\/07\/logo-sembrancher-minerals.png","type":"image\/png"}],"twitter_card":"summary_large_image","twitter_misc":{"Tempo di lettura stimato":"2 minuti"},"schema":{"@context":"https:\/\/schema.org","@graph":[{"@type":"WebPage","@id":"https:\/\/sembrancher.com\/it\/olivier-genin\/","url":"https:\/\/sembrancher.com\/it\/olivier-genin\/","name":"Olivier Genin - Sembrancher Premium Minerals","isPartOf":{"@id":"https:\/\/sembrancher.com\/it\/#website"},"datePublished":"2023-06-16T19:50:11+00:00","dateModified":"2023-06-17T12:50:37+00:00","breadcrumb":{"@id":"https:\/\/sembrancher.com\/it\/olivier-genin\/#breadcrumb"},"inLanguage":"it-IT","potentialAction":[{"@type":"ReadAction","target":["https:\/\/sembrancher.com\/it\/olivier-genin\/"]}]},{"@type":"BreadcrumbList","@id":"https:\/\/sembrancher.com\/it\/olivier-genin\/#breadcrumb","itemListElement":[{"@type":"ListItem","position":1,"name":"Accueil","item":"https:\/\/sembrancher.com\/it\/"},{"@type":"ListItem","position":2,"name":"Olivier Genin"}]},{"@type":"WebSite","@id":"https:\/\/sembrancher.com\/it\/#website","url":"https:\/\/sembrancher.com\/it\/","name":"Sembrancher Premium Minerals","description":"Swiss Alps","publisher":{"@id":"https:\/\/sembrancher.com\/it\/#organization"},"potentialAction":[{"@type":"SearchAction","target":{"@type":"EntryPoint","urlTemplate":"https:\/\/sembrancher.com\/it\/?s={search_term_string}"},"query-input":{"@type":"PropertyValueSpecification","valueRequired":true,"valueName":"search_term_string"}}],"inLanguage":"it-IT"},{"@type":"Organization","@id":"https:\/\/sembrancher.com\/it\/#organization","name":"Sembrancher Premium Minerals","url":"https:\/\/sembrancher.com\/it\/","logo":{"@type":"ImageObject","inLanguage":"it-IT","@id":"https:\/\/sembrancher.com\/it\/#\/schema\/logo\/image\/","url":"https:\/\/sembrancher.com\/wp-content\/uploads\/2021\/07\/cropped-cropped-logo-1.png","contentUrl":"https:\/\/sembrancher.com\/wp-content\/uploads\/2021\/07\/cropped-cropped-logo-1.png","width":660,"height":164,"caption":"Sembrancher Premium Minerals"},"image":{"@id":"https:\/\/sembrancher.com\/it\/#\/schema\/logo\/image\/"}}]}},"jetpack_sharing_enabled":true,"_links":{"self":[{"href":"https:\/\/sembrancher.com\/it\/wp-json\/wp\/v2\/pages\/6181","targetHints":{"allow":["GET"]}}],"collection":[{"href":"https:\/\/sembrancher.com\/it\/wp-json\/wp\/v2\/pages"}],"about":[{"href":"https:\/\/sembrancher.com\/it\/wp-json\/wp\/v2\/types\/page"}],"author":[{"embeddable":true,"href":"https:\/\/sembrancher.com\/it\/wp-json\/wp\/v2\/users\/1"}],"replies":[{"embeddable":true,"href":"https:\/\/sembrancher.com\/it\/wp-json\/wp\/v2\/comments?post=6181"}],"version-history":[{"count":3,"href":"https:\/\/sembrancher.com\/it\/wp-json\/wp\/v2\/pages\/6181\/revisions"}],"predecessor-version":[{"id":6235,"href":"https:\/\/sembrancher.com\/it\/wp-json\/wp\/v2\/pages\/6181\/revisions\/6235"}],"wp:attachment":[{"href":"https:\/\/sembrancher.com\/it\/wp-json\/wp\/v2\/media?parent=6181"}],"curies":[{"name":"wp","href":"https:\/\/api.w.org\/{rel}","templated":true}]}}