{"id":5662,"date":"2023-02-17T21:24:31","date_gmt":"2023-02-17T20:24:31","guid":{"rendered":"https:\/\/sembrancher-vispu43002.live-website.com\/christian-guex\/"},"modified":"2023-02-19T17:30:39","modified_gmt":"2023-02-19T16:30:39","slug":"christian-guex","status":"publish","type":"page","link":"https:\/\/sembrancher.com\/en\/christian-guex\/","title":{"rendered":"Christian Guex"},"content":{"rendered":"<div class=\"wpb-content-wrapper\"><p>[vc_row][vc_column width=&#8221;1\/6&#8243;][\/vc_column][vc_column width=&#8221;2\/3&#8243; css=&#8221;.vc_custom_1576836932037{background-image: url(http:\/\/okthemes.com\/lucia-vineyards-demo\/wp-content\/uploads\/2019\/12\/expanded-quotes.png?id=2197) !important;background-position: 0 0 !important;background-repeat: no-repeat !important;}&#8221; el_class=&#8221;background-position-center&#8221;]\n\t<blockquote style=\"color: #000000;\" class=\"gg-vc-quote  remove_blockquotes font_size_normal text-align-center \">\n\tChoose a job you love and you won't have to work a day in your life.\n\t<\/blockquote>[\/vc_column][vc_column width=&#8221;1\/6&#8243;][\/vc_column][\/vc_row][vc_row][vc_column width=&#8221;1\/4&#8243;][\/vc_column][vc_column width=&#8221;1\/2&#8243; css=&#8221;.vc_custom_1580216206787{padding-right: 0px !important;padding-left: 0px !important;}&#8221;][vc_column_text css=&#8221;.vc_custom_1676823486987{background-position: center !important;background-repeat: no-repeat !important;background-size: contain !important;}&#8221;]In 2014, I joined the wonderful entrepreneurial adventure of the Soci\u00e9t\u00e9 des Eaux Min\u00e9rales de Sembrancher in Switzerland. The wise Confucius said &#8220;Choose a job you love and you will never have to work a day in your life&#8221;, a famous quote that reinforces my idea that the privilege is great to those who have been able to accomplish it. . It is indeed essential and right to be able to <strong>be really and fully accomplished <\/strong> in your work and to feel the renewed pleasure each morning of going there.<\/p>\n<p><strong>Working on a daily basis for things that make sense<\/strong> and which contribute just as much to one&#8217;s own development and living well, as to shaping a more virtuous world, is a path that I strive to follow again and again. Again.<\/p>\n<p>&nbsp;<\/p>\n<p><strong>The pleasures of the task, of a job well done<\/strong> and the resulting satisfactions make them an obvious part of individual balance and daily well-being. I like the power and energy of this thought from B. Fontenelle who underlined \u201cThe greatest secret of happiness is to feel good with yourself\u201d. I apply myself in resonance to take actions that contribute to concretize this philosophy of life.<\/p>\n<p>Life is a succession of stages, trials, multiple experiences, which sometimes caress and other times slap, but which inevitably shape our determination, our identity, which sharpen our interests, our passions, our commitments. It is a dance that sets in motion encounters and discoveries of our living spaces, familiarizing us and making us aware of the environment, resources and living things. Learning<br \/>\ncontinual, a daily discovery. It offers the opportunity to make each event a new opportunity to access our own internal resources, which allow us to shape our lives, as responsible and committed actors.<br \/>\nMy job within the Soci\u00e9t\u00e9 d\u2019Exploitation des Eaux Min\u00e9rales de Sembrancher is first and foremost respect for nature and the mountains that offer us the resource. I have the privilege with Olivier and the Sembrancher team to exercise a profession associated with food trades, even if very humbly, we do not transform the material here, but receive this <strong>gift of nature to offer it for consumption.<\/strong><\/p>\n<p>We are water artisans wishing to provide consumers with a <strong>high quality product, authentic and respectful of the environment.<\/strong> This naturally leads us to frequent gastronomy, hotels, restaurants , cooks, epicureans and all service personnel who revolve around catering and gastronomy.<\/p>\n<p>My values \u200b\u200bare those of customer satisfaction, quality service, ethics, love of a job well done, respect for resources, the environment, this nature without which we would be nothing. The relationship with others, trust, take a big place in my collaborations. They say of me that I am committed, determined, voluntary, responsible, professional, simple and relaxed. I like to think that I honor that vision. Our desire at S.E.E.M.S S. A is resolutely to <strong>preserve the resource,<\/strong> this vision allows us to be extremely close to our customers, to know them well by often linking privileged contacts with the actors of the gastronomy.<\/p>\n<p>[\/vc_column_text][\/vc_column][vc_column width=&#8221;1\/4&#8243;][\/vc_column][\/vc_row][vc_row][vc_column][vc_empty_space][\/vc_column][\/vc_row]<\/p>\n<\/div>","protected":false},"excerpt":{"rendered":"<p>[vc_row][vc_column width=&#8221;1\/6&#8243;][\/vc_column][vc_column width=&#8221;2\/3&#8243; css=&#8221;.vc_custom_1576836932037{background-image: url(http:\/\/okthemes.com\/lucia-vineyards-demo\/wp-content\/uploads\/2019\/12\/expanded-quotes.png?id=2197) !important;background-position: 0 0 !important;background-repeat: no-repeat !important;}&#8221; el_class=&#8221;background-position-center&#8221;][\/vc_column][vc_column width=&#8221;1\/6&#8243;][\/vc_column][\/vc_row][vc_row][vc_column width=&#8221;1\/4&#8243;][\/vc_column][vc_column width=&#8221;1\/2&#8243; css=&#8221;.vc_custom_1580216206787{padding-right: 0px !important;padding-left: 0px !important;}&#8221;][vc_column_text css=&#8221;.vc_custom_1676823486987{background-position: center !important;background-repeat: no-repeat !important;background-size: contain !important;}&#8221;]In 2014, I joined the wonderful entrepreneurial adventure of the Soci\u00e9t\u00e9 des Eaux Min\u00e9rales de Sembrancher in Switzerland. The wise Confucius said &#8220;Choose a job you love and you<\/p>\n<p class=\"more-link-wrapper\"><a class=\"btn btn-primary\" href=\"https:\/\/sembrancher.com\/en\/christian-guex\/\">Read More<\/a><\/p>\n","protected":false},"author":1,"featured_media":0,"parent":0,"menu_order":0,"comment_status":"closed","ping_status":"closed","template":"","meta":{"footnotes":""},"class_list":["post-5662","page","type-page","status-publish","hentry"],"yoast_head":"<!-- This site is optimized with the Yoast SEO plugin v27.4 - https:\/\/yoast.com\/product\/yoast-seo-wordpress\/ -->\n<title>Christian Guex - Sembrancher Premium Minerals<\/title>\n<meta name=\"robots\" content=\"index, follow, max-snippet:-1, max-image-preview:large, max-video-preview:-1\" \/>\n<link rel=\"canonical\" href=\"https:\/\/sembrancher.com\/en\/christian-guex\/\" \/>\n<meta property=\"og:locale\" content=\"en_US\" \/>\n<meta property=\"og:type\" content=\"article\" \/>\n<meta property=\"og:title\" content=\"Christian Guex - Sembrancher Premium Minerals\" \/>\n<meta property=\"og:description\" content=\"[vc_row][vc_column width=&#8221;1\/6&#8243;][\/vc_column][vc_column width=&#8221;2\/3&#8243; css=&#8221;.vc_custom_1576836932037{background-image: url(http:\/\/okthemes.com\/lucia-vineyards-demo\/wp-content\/uploads\/2019\/12\/expanded-quotes.png?id=2197) !important;background-position: 0 0 !important;background-repeat: no-repeat !important;}&#8221; el_class=&#8221;background-position-center&#8221;][\/vc_column][vc_column width=&#8221;1\/6&#8243;][\/vc_column][\/vc_row][vc_row][vc_column width=&#8221;1\/4&#8243;][\/vc_column][vc_column width=&#8221;1\/2&#8243; css=&#8221;.vc_custom_1580216206787{padding-right: 0px !important;padding-left: 0px !important;}&#8221;][vc_column_text css=&#8221;.vc_custom_1676823486987{background-position: center !important;background-repeat: no-repeat !important;background-size: contain !important;}&#8221;]In 2014, I joined the wonderful entrepreneurial adventure of the Soci\u00e9t\u00e9 des Eaux Min\u00e9rales de Sembrancher in Switzerland. The wise Confucius said &#8220;Choose a job you love and youRead More\" \/>\n<meta property=\"og:url\" content=\"https:\/\/sembrancher.com\/en\/christian-guex\/\" \/>\n<meta property=\"og:site_name\" content=\"Sembrancher Premium Minerals\" \/>\n<meta property=\"article:modified_time\" content=\"2023-02-19T16:30:39+00:00\" \/>\n<meta property=\"og:image\" content=\"https:\/\/sembrancher.com\/wp-content\/uploads\/2021\/07\/logo-sembrancher-minerals.png\" \/>\n\t<meta property=\"og:image:width\" content=\"280\" \/>\n\t<meta property=\"og:image:height\" content=\"164\" \/>\n\t<meta property=\"og:image:type\" content=\"image\/png\" \/>\n<meta name=\"twitter:card\" content=\"summary_large_image\" \/>\n<meta name=\"twitter:label1\" content=\"Est. reading time\" \/>\n\t<meta name=\"twitter:data1\" content=\"3 minutes\" \/>\n<!-- \/ Yoast SEO plugin. -->","yoast_head_json":{"title":"Christian Guex - Sembrancher Premium Minerals","robots":{"index":"index","follow":"follow","max-snippet":"max-snippet:-1","max-image-preview":"max-image-preview:large","max-video-preview":"max-video-preview:-1"},"canonical":"https:\/\/sembrancher.com\/en\/christian-guex\/","og_locale":"en_US","og_type":"article","og_title":"Christian Guex - Sembrancher Premium Minerals","og_description":"[vc_row][vc_column width=&#8221;1\/6&#8243;][\/vc_column][vc_column width=&#8221;2\/3&#8243; css=&#8221;.vc_custom_1576836932037{background-image: url(http:\/\/okthemes.com\/lucia-vineyards-demo\/wp-content\/uploads\/2019\/12\/expanded-quotes.png?id=2197) !important;background-position: 0 0 !important;background-repeat: no-repeat !important;}&#8221; el_class=&#8221;background-position-center&#8221;][\/vc_column][vc_column width=&#8221;1\/6&#8243;][\/vc_column][\/vc_row][vc_row][vc_column width=&#8221;1\/4&#8243;][\/vc_column][vc_column width=&#8221;1\/2&#8243; css=&#8221;.vc_custom_1580216206787{padding-right: 0px !important;padding-left: 0px !important;}&#8221;][vc_column_text css=&#8221;.vc_custom_1676823486987{background-position: center !important;background-repeat: no-repeat !important;background-size: contain !important;}&#8221;]In 2014, I joined the wonderful entrepreneurial adventure of the Soci\u00e9t\u00e9 des Eaux Min\u00e9rales de Sembrancher in Switzerland. The wise Confucius said &#8220;Choose a job you love and youRead More","og_url":"https:\/\/sembrancher.com\/en\/christian-guex\/","og_site_name":"Sembrancher Premium Minerals","article_modified_time":"2023-02-19T16:30:39+00:00","og_image":[{"width":280,"height":164,"url":"https:\/\/sembrancher.com\/wp-content\/uploads\/2021\/07\/logo-sembrancher-minerals.png","type":"image\/png"}],"twitter_card":"summary_large_image","twitter_misc":{"Est. reading time":"3 minutes"},"schema":{"@context":"https:\/\/schema.org","@graph":[{"@type":"WebPage","@id":"https:\/\/sembrancher.com\/en\/christian-guex\/","url":"https:\/\/sembrancher.com\/en\/christian-guex\/","name":"Christian Guex - Sembrancher Premium Minerals","isPartOf":{"@id":"https:\/\/sembrancher.com\/en\/#website"},"datePublished":"2023-02-17T20:24:31+00:00","dateModified":"2023-02-19T16:30:39+00:00","breadcrumb":{"@id":"https:\/\/sembrancher.com\/en\/christian-guex\/#breadcrumb"},"inLanguage":"en-US","potentialAction":[{"@type":"ReadAction","target":["https:\/\/sembrancher.com\/en\/christian-guex\/"]}]},{"@type":"BreadcrumbList","@id":"https:\/\/sembrancher.com\/en\/christian-guex\/#breadcrumb","itemListElement":[{"@type":"ListItem","position":1,"name":"Accueil","item":"https:\/\/sembrancher.com\/en\/"},{"@type":"ListItem","position":2,"name":"Christian Guex"}]},{"@type":"WebSite","@id":"https:\/\/sembrancher.com\/en\/#website","url":"https:\/\/sembrancher.com\/en\/","name":"Sembrancher Premium Minerals","description":"Swiss Alps","publisher":{"@id":"https:\/\/sembrancher.com\/en\/#organization"},"potentialAction":[{"@type":"SearchAction","target":{"@type":"EntryPoint","urlTemplate":"https:\/\/sembrancher.com\/en\/?s={search_term_string}"},"query-input":{"@type":"PropertyValueSpecification","valueRequired":true,"valueName":"search_term_string"}}],"inLanguage":"en-US"},{"@type":"Organization","@id":"https:\/\/sembrancher.com\/en\/#organization","name":"Sembrancher Premium Minerals","url":"https:\/\/sembrancher.com\/en\/","logo":{"@type":"ImageObject","inLanguage":"en-US","@id":"https:\/\/sembrancher.com\/en\/#\/schema\/logo\/image\/","url":"https:\/\/sembrancher.com\/wp-content\/uploads\/2021\/07\/cropped-cropped-logo-1.png","contentUrl":"https:\/\/sembrancher.com\/wp-content\/uploads\/2021\/07\/cropped-cropped-logo-1.png","width":660,"height":164,"caption":"Sembrancher Premium Minerals"},"image":{"@id":"https:\/\/sembrancher.com\/en\/#\/schema\/logo\/image\/"}}]}},"jetpack_sharing_enabled":true,"_links":{"self":[{"href":"https:\/\/sembrancher.com\/en\/wp-json\/wp\/v2\/pages\/5662","targetHints":{"allow":["GET"]}}],"collection":[{"href":"https:\/\/sembrancher.com\/en\/wp-json\/wp\/v2\/pages"}],"about":[{"href":"https:\/\/sembrancher.com\/en\/wp-json\/wp\/v2\/types\/page"}],"author":[{"embeddable":true,"href":"https:\/\/sembrancher.com\/en\/wp-json\/wp\/v2\/users\/1"}],"replies":[{"embeddable":true,"href":"https:\/\/sembrancher.com\/en\/wp-json\/wp\/v2\/comments?post=5662"}],"version-history":[{"count":5,"href":"https:\/\/sembrancher.com\/en\/wp-json\/wp\/v2\/pages\/5662\/revisions"}],"predecessor-version":[{"id":5694,"href":"https:\/\/sembrancher.com\/en\/wp-json\/wp\/v2\/pages\/5662\/revisions\/5694"}],"wp:attachment":[{"href":"https:\/\/sembrancher.com\/en\/wp-json\/wp\/v2\/media?parent=5662"}],"curies":[{"name":"wp","href":"https:\/\/api.w.org\/{rel}","templated":true}]}}