{"id":5633,"date":"2023-02-17T21:22:07","date_gmt":"2023-02-17T20:22:07","guid":{"rendered":"https:\/\/sembrancher-vispu43002.live-website.com\/les-associes\/"},"modified":"2024-01-05T18:26:29","modified_gmt":"2024-01-05T17:26:29","slug":"the-founders","status":"publish","type":"page","link":"https:\/\/sembrancher.com\/en\/the-founders\/","title":{"rendered":"The founders"},"content":{"rendered":"<div class=\"wpb-content-wrapper\"><p>[vc_row][vc_column css=&#8221;.vc_custom_1580216206787{padding-right: 0px !important;padding-left: 0px !important;}&#8221;][vc_empty_space height=&#8221;52px&#8221;][\/vc_column][\/vc_row][vc_row][vc_column css=&#8221;.vc_custom_1580216206787{padding-right: 0px !important;padding-left: 0px !important;}&#8221;]\n\t<div class=\"image-collage-wrapper \">\n\t<div class=\"image-grid-collage\">\n\t<\/div>\n\t<div class=\"image-grid-content-wrapper\">\n\t<div class=\"image-grid-content\"><h4><span class=\"toptitle\">Beliefs<\/span> Valorization of the terroir<\/h4>\n\t\t<span class=\"gg-horizontal-line\"><\/span>\n\t\t<div class=\"grid-description\"><p><span style=\"color: #000;\"><strong>Two passionate entrepreneurs who share the conviction that anything is possible for those who know how to seize their destiny with enthusiasm, commitment, agility and innovation.<\/strong>&lt;\/span &gt;<br \/>\n<\/span><\/p>\n<\/div>\n\t<\/div>\n\t<\/div>\n\t<\/div>[\/vc_column][\/vc_row][vc_row][vc_column width=&#8221;1\/6&#8243;][\/vc_column][vc_column width=&#8221;2\/3&#8243; css=&#8221;.vc_custom_1576836932037{background-image: url(http:\/\/okthemes.com\/lucia-vineyards-demo\/wp-content\/uploads\/2019\/12\/expanded-quotes.png?id=2197) !important;background-position: 0 0 !important;background-repeat: no-repeat !important;}&#8221; el_class=&#8221;background-position-center&#8221;]\n\t<blockquote style=\"color: #000000;\" class=\"gg-vc-quote  remove_blockquotes font_size_normal text-align-center \">\n\t\u201cFrom the day you were born, life is a torrent that rushes down the slopes\u201d\n\t<cite>Tibetan proverb<\/cite>\n\t<\/blockquote>[\/vc_column][vc_column width=&#8221;1\/6&#8243;][\/vc_column][\/vc_row][vc_row][vc_column css=&#8221;.vc_custom_1580216234559{padding-right: 0px !important;padding-left: 0px !important;}&#8221;]\n\t<div class=\"title-subtitle-box  vc_custom_1676823035909\" style=\" text-align: center;\">\n\t\t<h1 style=\" font-weight: normal;\" class=\"special-title\" >Valuation of mineral water<\/h1>\n\t\t<div class=\"box-description\"><p>&#8220;From the day of your birth, life is a torrent that rushes down the slopes&#8221; a Tibetan proverb dear to the heart of Christian Guex, who joined the Sembrancher adventure in 2014 with Olivier Genin, co-founders in 2008 of the Soci\u00e9t\u00e9 des Eaux Minerals from Sembrancher in Switzerland. Two passionate entrepreneurs who share the conviction that anything is possible for those who know how to seize their destiny with enthusiasm, commitment, agility and innovation. Knowing how to stay the course while preserving its root values, being able to bounce back, adapt, evolve, just as much on the fresh waters of a river, as on the more adventurous ones of the torrent, that&#8217;s also the entrepreneurial spirit. And when this is combined in a virtuous alchemy with <strong>an ethical vision committed to the enhancement of people, the preservation of the planet<\/strong> and the love of local and quality craftsmanship&#8230; It does not can only step up and <strong>work towards a more responsible world<\/strong>. The respect for nature and its resources, the respect shown to their collaborators &#8211; who are, as they like to say, their first customers -, the certainty that everything is a perpetual learning process and an opportunity for development, these water craftsmen honor as much their raison d&#8217;\u00eatre as their know-how of excellence. Welcome to the heart of the soul of Sembrancher, the men and women who work to promote premium Swiss mineral water <strong>from Mont Catogne<\/strong>, just a few beats of eagles&#8217; wings from Mont Blanc.<\/p>\n<\/div>\n\t<\/div> [\/vc_column][\/vc_row][vc_row equal_height=&#8221;yes&#8221; content_placement=&#8221;middle&#8221;][vc_column width=&#8221;1\/2&#8243; css=&#8221;.vc_custom_1652257518360{padding-top: 15% !important;padding-right: 15% !important;padding-bottom: 15% !important;padding-left: 15% !important;background-color: #dddddd !important;}&#8221;][vc_row_inner][vc_column_inner]\n\t<div class=\"title-subtitle-box  \" style=\" text-align: left;\">\n\t\t<h1 style=\" font-weight: normal;\" class=\"special-title\" >\n\t\t<span class=\"toptitle\" style=\"\">Founder<\/span>Olivier Genin<\/h1>\n\t\t<span class=\"gg-horizontal-line\"><\/span>\n\t<\/div> [\/vc_column_inner][\/vc_row_inner][vc_row_inner][vc_column_inner][vc_column_text]I founded with Christian the Soci\u00e9t\u00e9 d&#8217;Exploitation des Eaux de Sembrancher. An ethical and innovative company located in the heart of an <strong>exceptional green setting<\/strong> located in the Swiss Alps.[\/vc_column_text][\/vc_column_inner][\/vc_row_inner][vc_row_inner css=&#8221;.vc_custom_1578664829427{margin-top: 2em !important;}&#8221;][vc_column_inner offset=&#8221;vc_col-md-4&#8243;]\n\t<div class=\"gg-special-link-wrapper  text-align-left\"><a  class=\"gg-special-link underline_effect \" href=\"https:\/\/www.linkedin.com\/in\/oliviergenin-\/\" title=\"\" target=\"_blank\">Linkedin<\/a><\/div>[\/vc_column_inner][vc_column_inner offset=&#8221;vc_col-md-4&#8243;]\n\t<div class=\"gg-special-link-wrapper  text-align-left\"><a  class=\"gg-special-link underline_effect \" href=\"https:\/\/sembrancher.com\/en\/olivier-genin\/\" title=\"Olivier Genin\" target=\"_self\">More<\/a><\/div>[\/vc_column_inner][\/vc_row_inner][\/vc_column][vc_column width=&#8221;1\/2&#8243; add_reveal_effect=&#8221;yes&#8221; css=&#8221;.vc_custom_1673340468949{padding-top: 10% !important;padding-right: 10% !important;padding-bottom: 10% !important;padding-left: 10% !important;background-image: url(https:\/\/sembrancher.com\/wp-content\/uploads\/2023\/01\/ogn.png?id=5431) !important;background-position: center !important;background-repeat: no-repeat !important;background-size: cover !important;}&#8221;][vc_empty_space height=&#8221;500px&#8221;][\/vc_column][\/vc_row][vc_row equal_height=&#8221;yes&#8221; content_placement=&#8221;middle&#8221; disable_element=&#8221;yes&#8221;][vc_column width=&#8221;1\/2&#8243; add_reveal_effect=&#8221;yes&#8221; css=&#8221;.vc_custom_1652442443833{padding-top: 10% !important;padding-right: 10% !important;padding-bottom: 10% !important;padding-left: 10% !important;background-image: url(https:\/\/sembrancher.com\/wp-content\/uploads\/2022\/05\/majestic-catogne.jpg?id=5007) !important;background-position: center !important;background-repeat: no-repeat !important;background-size: cover !important;}&#8221;][vc_empty_space height=&#8221;500px&#8221;][\/vc_column][vc_column width=&#8221;1\/2&#8243; css=&#8221;.vc_custom_1652257538208{padding-top: 15% !important;padding-right: 15% !important;padding-bottom: 15% !important;padding-left: 15% !important;background-color: #dddddd !important;}&#8221;][vc_row_inner][vc_column_inner]\n\t<div class=\"title-subtitle-box  \" style=\" text-align: left;\">\n\t\t<h1 style=\" font-weight: normal;\" class=\"special-title\" >\n\t\t<span class=\"toptitle\" style=\"\">Fondateur<\/span>Jurgen Dewijn<\/h1>\n\t\t<span class=\"gg-horizontal-line\"><\/span>\n\t\t<div class=\"box-description\"><p>Cofondateur de la Soci\u00e9t\u00e9 des Eaux Min\u00e9rales de Sembrancher en Suisse. Ma conviction profonde, tout comme le pr\u00e9cisait Peter Drucker, professeur et consultant am\u00e9ricain en management, est que nous sommes r\u00e9solument les architectes de notre vie.<\/p>\n<\/div>\n\t<\/div> [\/vc_column_inner][\/vc_row_inner][vc_row_inner css=&#8221;.vc_custom_1578664829427{margin-top: 2em !important;}&#8221;][vc_column_inner offset=&#8221;vc_col-md-4&#8243;]\n\t<div class=\"gg-special-link-wrapper  text-align-left\"><a  class=\"gg-special-link underline_effect \" href=\"https:\/\/www.linkedin.com\/in\/jurgen-dewijn-0972a2214\/\" title=\"\" target=\"_blank\">Linkedin<\/a><\/div>[\/vc_column_inner][vc_column_inner offset=&#8221;vc_col-md-4&#8243;]\n\t<div class=\"gg-special-link-wrapper  text-align-left\"><a  class=\"gg-special-link underline_effect \" href=\"https:\/\/sembrancher.com\/qui-sommes-nous\/jurgen-dewijn\/\" title=\"Jurgen Dewijn\" target=\"_self\">En savoir plus<\/a><\/div>[\/vc_column_inner][\/vc_row_inner][\/vc_column][\/vc_row][vc_row equal_height=&#8221;yes&#8221; content_placement=&#8221;middle&#8221;][vc_column width=&#8221;1\/2&#8243; css=&#8221;.vc_custom_1652257550699{padding-top: 15% !important;padding-right: 15% !important;padding-bottom: 15% !important;padding-left: 15% !important;background-color: #dddddd !important;}&#8221;][vc_row_inner][vc_column_inner]\n\t<div class=\"title-subtitle-box  \" style=\" text-align: left;\">\n\t\t<h1 style=\" font-weight: normal;\" class=\"special-title\" >\n\t\t<span class=\"toptitle\" style=\"\">Founder<\/span>Christian Guex<\/h1>\n\t\t<span class=\"gg-horizontal-line\"><\/span>\n\t\t<div class=\"box-description\"><p>In 2014, I joined the wonderful entrepreneurial adventure of the Soci\u00e9t\u00e9 des Eaux Min\u00e9rales de Sembrancher in Switzerland. The sage Confucius once said, \u201cChoose a job you love and you will never have to work a day in your life.<br \/>\nlife&#8221;, a famous quote that reinforces my idea that privilege is great for those who have been able to accomplish it.<\/p>\n<\/div>\n\t<\/div> [\/vc_column_inner][\/vc_row_inner][vc_row_inner css=&#8221;.vc_custom_1578664829427{margin-top: 2em !important;}&#8221;][vc_column_inner offset=&#8221;vc_col-md-4&#8243;]\n\t<div class=\"gg-special-link-wrapper  text-align-left\"><a  class=\"gg-special-link underline_effect \" href=\"https:\/\/www.linkedin.com\/in\/christian-guex-3a560a55\/\" title=\"\" target=\"_blank\">Linkedin<\/a><\/div>[\/vc_column_inner][vc_column_inner offset=&#8221;vc_col-md-4&#8243;]\n\t<div class=\"gg-special-link-wrapper  text-align-left\"><a  class=\"gg-special-link underline_effect \" href=\"https:\/\/sembrancher.com\/en\/christian-guex\/\" title=\"Christian Guex\" target=\"_self\">More<\/a><\/div>[\/vc_column_inner][\/vc_row_inner][\/vc_column][vc_column width=&#8221;1\/2&#8243; add_reveal_effect=&#8221;yes&#8221; css=&#8221;.vc_custom_1673340535995{padding-top: 10% !important;padding-right: 10% !important;padding-bottom: 10% !important;padding-left: 10% !important;background-image: url(https:\/\/sembrancher.com\/wp-content\/uploads\/2023\/01\/cgx.png?id=5435) !important;background-position: center !important;background-repeat: no-repeat !important;background-size: cover !important;}&#8221;][vc_empty_space height=&#8221;500px&#8221;][\/vc_column][\/vc_row][vc_row disable_element=&#8221;yes&#8221; video=&#8221;show_video&#8221; video_mp4=&#8221;http:\/\/okthemes.com\/lucia-vineyards-demo\/wp-content\/uploads\/2020\/02\/dummy-video.mp4&#8243; video_image=&#8221;3809&#8243; el_id=&#8221;video&#8221;][vc_column][vc_empty_space height=&#8221;600px&#8221;][\/vc_column][\/vc_row][vc_row][vc_column css=&#8221;.vc_custom_1580216234559{padding-right: 0px !important;padding-left: 0px !important;}&#8221;]\n\t<div class=\"title-subtitle-box  vc_custom_1676823168448\" style=\" text-align: center;\">\n\t\t<h1 style=\" font-weight: normal;\" class=\"special-title\" >\n\t\t<span class=\"toptitle\" style=\"\">Our team<\/span>Commitment and Positive Energy<\/h1>\n\t\t<div class=\"box-description\"><p>If we ask the Sembrancher team to explain why they joined the S.E.E.M.S S.A adventure? It highlights the friendliness, the close proximity of the company, the shared eco-responsible values, but also this inspiring passion for a job well done, commitment and this capacity for innovation in the service of quality. All supported by a fundamental priority, to honor the natural resources of the planet and the people who live there. As for what motivates them on a daily basis in the practice of their respective professions within Sembrancher? This gratitude to act together at the heart of a team motivated to give the best of itself, for the achievement of the objectives of their company. Without a doubt, a sincere and determined state of mind that contributes to shaping the beautiful positive energy of Sembrancher every day.<\/p>\n<\/div>\n\t<\/div> [vc_row_inner][vc_column_inner width=&#8221;1\/3&#8243;]\n\t<div class=\"team-member-box  text-align-left\">\n\t\t<figure>\n\t\t<div class=\"team-image-wrapper reveal-effect masker wow\">\n\t\t\t<img loading=\"lazy\" decoding=\"async\" width=\"1502\" height=\"1354\" src=\"https:\/\/sembrancher.com\/wp-content\/uploads\/2023\/02\/benjamin.jpg\" class=\"vc_single_image-img attachment-full\" alt=\"\" title=\"benjamin\" srcset=\"https:\/\/sembrancher.com\/wp-content\/uploads\/2023\/02\/benjamin.jpg 1502w, https:\/\/sembrancher.com\/wp-content\/uploads\/2023\/02\/benjamin-300x270.jpg 300w, https:\/\/sembrancher.com\/wp-content\/uploads\/2023\/02\/benjamin-1024x923.jpg 1024w, https:\/\/sembrancher.com\/wp-content\/uploads\/2023\/02\/benjamin-768x692.jpg 768w\" sizes=\"auto, (max-width: 1502px) 100vw, 1502px\" \/>\n\t\t<\/div>\n\t\t<figcaption>\n\t\t\t<div class=\"member-position\">Industrial engineer<\/div> \n\t\t\t<h3>Benjamin<\/h3>\n\t\t<span class=\"gg-horizontal-line\"><\/span>\n\t\t\t<div class=\"member-description\"><p>He optimizes production management and good manufacturing procedures<\/p>\n<\/div>\n\t\t<\/figcaption>\n\t\t<\/figure>\n\t<\/div> [\/vc_column_inner][vc_column_inner width=&#8221;1\/3&#8243;]\n\t<div class=\"team-member-box  text-align-left\">\n\t\t<figure>\n\t\t<div class=\"team-image-wrapper reveal-effect masker wow\">\n\t\t\t<img loading=\"lazy\" decoding=\"async\" width=\"1502\" height=\"1354\" src=\"https:\/\/sembrancher.com\/wp-content\/uploads\/2023\/02\/rodolphe.jpg\" class=\"vc_single_image-img attachment-full\" alt=\"\" title=\"rodolphe\" srcset=\"https:\/\/sembrancher.com\/wp-content\/uploads\/2023\/02\/rodolphe.jpg 1502w, https:\/\/sembrancher.com\/wp-content\/uploads\/2023\/02\/rodolphe-300x270.jpg 300w, https:\/\/sembrancher.com\/wp-content\/uploads\/2023\/02\/rodolphe-1024x923.jpg 1024w, https:\/\/sembrancher.com\/wp-content\/uploads\/2023\/02\/rodolphe-768x692.jpg 768w\" sizes=\"auto, (max-width: 1502px) 100vw, 1502px\" \/>\n\t\t<\/div>\n\t\t<figcaption>\n\t\t\t<div class=\"member-position\">Producer<\/div> \n\t\t\t<h3>Rodolphe<\/h3>\n\t\t<span class=\"gg-horizontal-line\"><\/span>\n\t\t\t<div class=\"member-description\"><p>He collaborates daily in the operational and the smooth running of the production line<\/p>\n<\/div>\n\t\t<\/figcaption>\n\t\t<\/figure>\n\t<\/div> [\/vc_column_inner][vc_column_inner width=&#8221;1\/3&#8243;]\n\t<div class=\"team-member-box  text-align-left\">\n\t\t<figure>\n\t\t<div class=\"team-image-wrapper reveal-effect masker wow\">\n\t\t\t<img loading=\"lazy\" decoding=\"async\" width=\"1502\" height=\"1354\" src=\"https:\/\/sembrancher.com\/wp-content\/uploads\/2023\/02\/laurence.jpg\" class=\"vc_single_image-img attachment-full\" alt=\"\" title=\"laurence\" srcset=\"https:\/\/sembrancher.com\/wp-content\/uploads\/2023\/02\/laurence.jpg 1502w, https:\/\/sembrancher.com\/wp-content\/uploads\/2023\/02\/laurence-300x270.jpg 300w, https:\/\/sembrancher.com\/wp-content\/uploads\/2023\/02\/laurence-1024x923.jpg 1024w, https:\/\/sembrancher.com\/wp-content\/uploads\/2023\/02\/laurence-768x692.jpg 768w\" sizes=\"auto, (max-width: 1502px) 100vw, 1502px\" \/>\n\t\t<\/div>\n\t\t<figcaption>\n\t\t\t<div class=\"member-position\">Producer<\/div> \n\t\t\t<h3>Laurence<\/h3>\n\t\t<span class=\"gg-horizontal-line\"><\/span>\n\t\t\t<div class=\"member-description\"><p>She collaborates daily in the operational and the smooth running of the production line.<\/p>\n<\/div>\n\t\t<\/figcaption>\n\t\t<\/figure>\n\t<\/div> [\/vc_column_inner][\/vc_row_inner][vc_row_inner][vc_column_inner width=&#8221;1\/3&#8243;][\/vc_column_inner][vc_column_inner width=&#8221;1\/3&#8243;][\/vc_column_inner][vc_column_inner width=&#8221;1\/3&#8243;][\/vc_column_inner][\/vc_row_inner][\/vc_column][\/vc_row]<\/p>\n<\/div>","protected":false},"excerpt":{"rendered":"<p>[vc_row][vc_column css=&#8221;.vc_custom_1580216206787{padding-right: 0px !important;padding-left: 0px !important;}&#8221;][vc_empty_space height=&#8221;52px&#8221;][\/vc_column][\/vc_row][vc_row][vc_column css=&#8221;.vc_custom_1580216206787{padding-right: 0px !important;padding-left: 0px !important;}&#8221;][\/vc_column][\/vc_row][vc_row][vc_column width=&#8221;1\/6&#8243;][\/vc_column][vc_column width=&#8221;2\/3&#8243; css=&#8221;.vc_custom_1576836932037{background-image: url(http:\/\/okthemes.com\/lucia-vineyards-demo\/wp-content\/uploads\/2019\/12\/expanded-quotes.png?id=2197) !important;background-position: 0 0 !important;background-repeat: no-repeat !important;}&#8221; el_class=&#8221;background-position-center&#8221;][\/vc_column][vc_column width=&#8221;1\/6&#8243;][\/vc_column][\/vc_row][vc_row][vc_column css=&#8221;.vc_custom_1580216234559{padding-right: 0px !important;padding-left: 0px !important;}&#8221;][\/vc_column][\/vc_row][vc_row equal_height=&#8221;yes&#8221; content_placement=&#8221;middle&#8221;][vc_column width=&#8221;1\/2&#8243; css=&#8221;.vc_custom_1652257518360{padding-top: 15% !important;padding-right: 15% !important;padding-bottom: 15% !important;padding-left: 15% !important;background-color: #dddddd !important;}&#8221;][vc_row_inner][vc_column_inner][\/vc_column_inner][\/vc_row_inner][vc_row_inner][vc_column_inner][vc_column_text]I founded with Christian the Soci\u00e9t\u00e9 d&#8217;Exploitation des Eaux de Sembrancher. An ethical<\/p>\n<p class=\"more-link-wrapper\"><a class=\"btn btn-primary\" href=\"https:\/\/sembrancher.com\/en\/the-founders\/\">Read More<\/a><\/p>\n","protected":false},"author":1,"featured_media":5511,"parent":0,"menu_order":0,"comment_status":"closed","ping_status":"closed","template":"","meta":{"footnotes":""},"class_list":["post-5633","page","type-page","status-publish","has-post-thumbnail","hentry","has_thumb"],"yoast_head":"<!-- This site is optimized with the Yoast SEO plugin v27.4 - https:\/\/yoast.com\/product\/yoast-seo-wordpress\/ -->\n<title>The founders - Sembrancher Premium Minerals<\/title>\n<meta name=\"robots\" content=\"index, follow, max-snippet:-1, max-image-preview:large, max-video-preview:-1\" \/>\n<link rel=\"canonical\" href=\"https:\/\/sembrancher.com\/en\/the-founders\/\" \/>\n<meta property=\"og:locale\" content=\"en_US\" \/>\n<meta property=\"og:type\" content=\"article\" \/>\n<meta property=\"og:title\" content=\"The founders - Sembrancher Premium Minerals\" \/>\n<meta property=\"og:description\" content=\"[vc_row][vc_column css=&#8221;.vc_custom_1580216206787{padding-right: 0px !important;padding-left: 0px !important;}&#8221;][vc_empty_space height=&#8221;52px&#8221;][\/vc_column][\/vc_row][vc_row][vc_column css=&#8221;.vc_custom_1580216206787{padding-right: 0px !important;padding-left: 0px !important;}&#8221;][\/vc_column][\/vc_row][vc_row][vc_column width=&#8221;1\/6&#8243;][\/vc_column][vc_column width=&#8221;2\/3&#8243; css=&#8221;.vc_custom_1576836932037{background-image: url(http:\/\/okthemes.com\/lucia-vineyards-demo\/wp-content\/uploads\/2019\/12\/expanded-quotes.png?id=2197) !important;background-position: 0 0 !important;background-repeat: no-repeat !important;}&#8221; el_class=&#8221;background-position-center&#8221;][\/vc_column][vc_column width=&#8221;1\/6&#8243;][\/vc_column][\/vc_row][vc_row][vc_column css=&#8221;.vc_custom_1580216234559{padding-right: 0px !important;padding-left: 0px !important;}&#8221;][\/vc_column][\/vc_row][vc_row equal_height=&#8221;yes&#8221; content_placement=&#8221;middle&#8221;][vc_column width=&#8221;1\/2&#8243; css=&#8221;.vc_custom_1652257518360{padding-top: 15% !important;padding-right: 15% !important;padding-bottom: 15% !important;padding-left: 15% !important;background-color: #dddddd !important;}&#8221;][vc_row_inner][vc_column_inner][\/vc_column_inner][\/vc_row_inner][vc_row_inner][vc_column_inner][vc_column_text]I founded with Christian the Soci\u00e9t\u00e9 d&#8217;Exploitation des Eaux de Sembrancher. An ethicalRead More\" \/>\n<meta property=\"og:url\" content=\"https:\/\/sembrancher.com\/en\/the-founders\/\" \/>\n<meta property=\"og:site_name\" content=\"Sembrancher Premium Minerals\" \/>\n<meta property=\"article:modified_time\" content=\"2024-01-05T17:26:29+00:00\" \/>\n<meta property=\"og:image\" content=\"https:\/\/sembrancher.com\/wp-content\/uploads\/2023\/02\/les-associes.png\" \/>\n\t<meta property=\"og:image:width\" content=\"1712\" \/>\n\t<meta property=\"og:image:height\" content=\"306\" \/>\n\t<meta property=\"og:image:type\" content=\"image\/png\" \/>\n<meta name=\"twitter:card\" content=\"summary_large_image\" \/>\n<meta name=\"twitter:label1\" content=\"Est. reading time\" \/>\n\t<meta name=\"twitter:data1\" content=\"5 minutes\" \/>\n<!-- \/ Yoast SEO plugin. -->","yoast_head_json":{"title":"The founders - Sembrancher Premium Minerals","robots":{"index":"index","follow":"follow","max-snippet":"max-snippet:-1","max-image-preview":"max-image-preview:large","max-video-preview":"max-video-preview:-1"},"canonical":"https:\/\/sembrancher.com\/en\/the-founders\/","og_locale":"en_US","og_type":"article","og_title":"The founders - Sembrancher Premium Minerals","og_description":"[vc_row][vc_column css=&#8221;.vc_custom_1580216206787{padding-right: 0px !important;padding-left: 0px !important;}&#8221;][vc_empty_space height=&#8221;52px&#8221;][\/vc_column][\/vc_row][vc_row][vc_column css=&#8221;.vc_custom_1580216206787{padding-right: 0px !important;padding-left: 0px !important;}&#8221;][\/vc_column][\/vc_row][vc_row][vc_column width=&#8221;1\/6&#8243;][\/vc_column][vc_column width=&#8221;2\/3&#8243; css=&#8221;.vc_custom_1576836932037{background-image: url(http:\/\/okthemes.com\/lucia-vineyards-demo\/wp-content\/uploads\/2019\/12\/expanded-quotes.png?id=2197) !important;background-position: 0 0 !important;background-repeat: no-repeat !important;}&#8221; el_class=&#8221;background-position-center&#8221;][\/vc_column][vc_column width=&#8221;1\/6&#8243;][\/vc_column][\/vc_row][vc_row][vc_column css=&#8221;.vc_custom_1580216234559{padding-right: 0px !important;padding-left: 0px !important;}&#8221;][\/vc_column][\/vc_row][vc_row equal_height=&#8221;yes&#8221; content_placement=&#8221;middle&#8221;][vc_column width=&#8221;1\/2&#8243; css=&#8221;.vc_custom_1652257518360{padding-top: 15% !important;padding-right: 15% !important;padding-bottom: 15% !important;padding-left: 15% !important;background-color: #dddddd !important;}&#8221;][vc_row_inner][vc_column_inner][\/vc_column_inner][\/vc_row_inner][vc_row_inner][vc_column_inner][vc_column_text]I founded with Christian the Soci\u00e9t\u00e9 d&#8217;Exploitation des Eaux de Sembrancher. An ethicalRead More","og_url":"https:\/\/sembrancher.com\/en\/the-founders\/","og_site_name":"Sembrancher Premium Minerals","article_modified_time":"2024-01-05T17:26:29+00:00","og_image":[{"width":1712,"height":306,"url":"https:\/\/sembrancher.com\/wp-content\/uploads\/2023\/02\/les-associes.png","type":"image\/png"}],"twitter_card":"summary_large_image","twitter_misc":{"Est. reading time":"5 minutes"},"schema":{"@context":"https:\/\/schema.org","@graph":[{"@type":"WebPage","@id":"https:\/\/sembrancher.com\/en\/the-founders\/","url":"https:\/\/sembrancher.com\/en\/the-founders\/","name":"The founders - Sembrancher Premium Minerals","isPartOf":{"@id":"https:\/\/sembrancher.com\/en\/#website"},"primaryImageOfPage":{"@id":"https:\/\/sembrancher.com\/en\/the-founders\/#primaryimage"},"image":{"@id":"https:\/\/sembrancher.com\/en\/the-founders\/#primaryimage"},"thumbnailUrl":"https:\/\/sembrancher.com\/wp-content\/uploads\/2023\/02\/les-associes.png","datePublished":"2023-02-17T20:22:07+00:00","dateModified":"2024-01-05T17:26:29+00:00","breadcrumb":{"@id":"https:\/\/sembrancher.com\/en\/the-founders\/#breadcrumb"},"inLanguage":"en-US","potentialAction":[{"@type":"ReadAction","target":["https:\/\/sembrancher.com\/en\/the-founders\/"]}]},{"@type":"ImageObject","inLanguage":"en-US","@id":"https:\/\/sembrancher.com\/en\/the-founders\/#primaryimage","url":"https:\/\/sembrancher.com\/wp-content\/uploads\/2023\/02\/les-associes.png","contentUrl":"https:\/\/sembrancher.com\/wp-content\/uploads\/2023\/02\/les-associes.png","width":1712,"height":306},{"@type":"BreadcrumbList","@id":"https:\/\/sembrancher.com\/en\/the-founders\/#breadcrumb","itemListElement":[{"@type":"ListItem","position":1,"name":"Accueil","item":"https:\/\/sembrancher.com\/en\/"},{"@type":"ListItem","position":2,"name":"The founders"}]},{"@type":"WebSite","@id":"https:\/\/sembrancher.com\/en\/#website","url":"https:\/\/sembrancher.com\/en\/","name":"Sembrancher Premium Minerals","description":"Swiss Alps","publisher":{"@id":"https:\/\/sembrancher.com\/en\/#organization"},"potentialAction":[{"@type":"SearchAction","target":{"@type":"EntryPoint","urlTemplate":"https:\/\/sembrancher.com\/en\/?s={search_term_string}"},"query-input":{"@type":"PropertyValueSpecification","valueRequired":true,"valueName":"search_term_string"}}],"inLanguage":"en-US"},{"@type":"Organization","@id":"https:\/\/sembrancher.com\/en\/#organization","name":"Sembrancher Premium Minerals","url":"https:\/\/sembrancher.com\/en\/","logo":{"@type":"ImageObject","inLanguage":"en-US","@id":"https:\/\/sembrancher.com\/en\/#\/schema\/logo\/image\/","url":"https:\/\/sembrancher.com\/wp-content\/uploads\/2021\/07\/cropped-cropped-logo-1.png","contentUrl":"https:\/\/sembrancher.com\/wp-content\/uploads\/2021\/07\/cropped-cropped-logo-1.png","width":660,"height":164,"caption":"Sembrancher Premium Minerals"},"image":{"@id":"https:\/\/sembrancher.com\/en\/#\/schema\/logo\/image\/"}}]}},"jetpack_sharing_enabled":true,"_links":{"self":[{"href":"https:\/\/sembrancher.com\/en\/wp-json\/wp\/v2\/pages\/5633","targetHints":{"allow":["GET"]}}],"collection":[{"href":"https:\/\/sembrancher.com\/en\/wp-json\/wp\/v2\/pages"}],"about":[{"href":"https:\/\/sembrancher.com\/en\/wp-json\/wp\/v2\/types\/page"}],"author":[{"embeddable":true,"href":"https:\/\/sembrancher.com\/en\/wp-json\/wp\/v2\/users\/1"}],"replies":[{"embeddable":true,"href":"https:\/\/sembrancher.com\/en\/wp-json\/wp\/v2\/comments?post=5633"}],"version-history":[{"count":9,"href":"https:\/\/sembrancher.com\/en\/wp-json\/wp\/v2\/pages\/5633\/revisions"}],"predecessor-version":[{"id":6956,"href":"https:\/\/sembrancher.com\/en\/wp-json\/wp\/v2\/pages\/5633\/revisions\/6956"}],"wp:featuredmedia":[{"embeddable":true,"href":"https:\/\/sembrancher.com\/en\/wp-json\/wp\/v2\/media\/5511"}],"wp:attachment":[{"href":"https:\/\/sembrancher.com\/en\/wp-json\/wp\/v2\/media?parent=5633"}],"curies":[{"name":"wp","href":"https:\/\/api.w.org\/{rel}","templated":true}]}}