{"id":6053,"date":"2022-01-06T10:37:20","date_gmt":"2022-01-06T09:37:20","guid":{"rendered":"https:\/\/sembrancher-vispu43002.live-website.com\/produit\/stilles-wasser\/"},"modified":"2024-11-17T16:55:49","modified_gmt":"2024-11-17T15:55:49","slug":"stilles-wasser","status":"publish","type":"product","link":"https:\/\/sembrancher.com\/de\/produit\/stilles-wasser\/","title":{"rendered":"Stilles Wasser"},"content":{"rendered":"<div class=\"wpb-content-wrapper\"><p>[vc_row equal_height=&#8221;yes&#8221; css=&#8221;.vc_custom_1579167632541{margin-top: 0px !important;margin-bottom: 0px !important;}&#8221;][vc_column width=&#8221;1\/2&#8243; css=&#8221;.vc_custom_1641464347572{padding-top: 15% !important;padding-right: 15% !important;padding-bottom: 15% !important;padding-left: 15% !important;background-color: #a8a8a8 !important;background-position: center !important;background-repeat: no-repeat !important;background-size: cover !important;}&#8221;]\n\t<div class=\"title-subtitle-box  vc_custom_1724941033685\" style=\" text-align: left;\">\n\t\t<h1 style=\" color:#ffffff;  font-weight: normal;\" class=\"special-title\" >Geschmack<\/h1>\n\t<\/div> \n\t<div class=\"gg-infobox  text-align-left \" >\n\t\t<div class=\"infobox-title\" >Authentisch<\/div>\n\t\t<span class=\"gg-horizontal-line\" style=\"background-color: #ffffff;\"><\/span>\n\t\t<div class=\"infobox-description\" style=\"color: #ffffff;\"><p>Sie wird in Flaschen geliefert, als w\u00fcrde sie sich in Ihren H\u00e4nden befinden. Mit Respekt gesammelt und sorgf\u00e4ltig verpackt, beh\u00e4lt sie all ihre Kraft und Authentizit\u00e4t bei.<\/p>\n<\/div>\n\t<\/div> \n\t<div class=\"gg-infobox  text-align-left \" >\n\t\t<div class=\"infobox-title\" >Nat\u00fcrliches Wasser<\/div>\n\t\t<span class=\"gg-horizontal-line\" style=\"background-color: #ffffff;\"><\/span>\n\t\t<div class=\"infobox-description\" style=\"color: #ffffff;\"><p>Dieses au\u00dfergew\u00f6hnliche Wasser leidet im Gegensatz zu seinen industriellen Gegenst\u00fccken nicht unter r\u00fccksichtslosem Pumpen oder extrahieren. Beobachtet in einer Tiefe von 55,5 Metern unter der Erdoberfl\u00e4che und entlang seines nat\u00fcrlichen Verlaufs wird es im eigenen Tempo gesammelt.<\/p>\n<\/div>\n\t<\/div> [\/vc_column][vc_column width=&#8221;1\/2&#8243; add_reveal_effect=&#8221;yes&#8221; css=&#8221;.vc_custom_1641485803249{padding-top: 15% !important;padding-right: 15% !important;padding-bottom: 15% !important;padding-left: 15% !important;background-image: url(https:\/\/sembrancher.com\/wp-content\/uploads\/2022\/01\/eclaboussure-1.jpg?id=4637) !important;background-position: center !important;background-repeat: no-repeat !important;background-size: cover !important;}&#8221;][vc_empty_space height=&#8221;500px&#8221;][\/vc_column][\/vc_row]<\/p>\n<\/div>","protected":false},"excerpt":{"rendered":"<p>Gut gek\u00fchlt serviert, erfrischt dieses nat\u00fcrlich spritzige und delikate Wasser den Geschmack Ihrer feinen Speisen nicht.<\/p>\n","protected":false},"featured_media":4577,"comment_status":"open","ping_status":"closed","template":"","meta":[],"product_brand":[],"product_cat":[69],"product_tag":[],"class_list":{"0":"post-6053","1":"product","2":"type-product","3":"status-publish","4":"has-post-thumbnail","6":"product_cat-stilles-wasser","7":"pa_cl-33-de","8":"pa_cl-375-de","9":"pa_cl-75-de","10":"pa_nombre-x-12-de","11":"pa_nombre-x-18-de","12":"pa_nombre-x-24-de","13":"has_thumb","15":"first","16":"instock","17":"shipping-taxable","18":"purchasable","19":"product-type-variable","20":"has-default-attributes"},"yoast_head":"<!-- This site is optimized with the Yoast SEO plugin v27.4 - https:\/\/yoast.com\/product\/yoast-seo-wordpress\/ -->\n<title>Stilles Wasser - Sembrancher Premium Minerals<\/title>\n<meta name=\"robots\" content=\"index, follow, max-snippet:-1, max-image-preview:large, max-video-preview:-1\" \/>\n<link rel=\"canonical\" href=\"https:\/\/sembrancher.com\/de\/produit\/stilles-wasser\/\" \/>\n<meta property=\"og:locale\" content=\"de_DE\" \/>\n<meta property=\"og:type\" content=\"article\" \/>\n<meta property=\"og:title\" content=\"Stilles Wasser - Sembrancher Premium Minerals\" \/>\n<meta property=\"og:description\" content=\"Gut gek\u00fchlt serviert, erfrischt dieses nat\u00fcrlich spritzige und delikate Wasser den Geschmack Ihrer feinen Speisen nicht.\" \/>\n<meta property=\"og:url\" content=\"https:\/\/sembrancher.com\/de\/produit\/stilles-wasser\/\" \/>\n<meta property=\"og:site_name\" content=\"Sembrancher Premium Minerals\" \/>\n<meta property=\"article:modified_time\" content=\"2024-11-17T15:55:49+00:00\" \/>\n<meta property=\"og:image\" content=\"https:\/\/sembrancher.com\/wp-content\/uploads\/2022\/01\/sembrancher-still-water-37.5-75.png\" \/>\n\t<meta property=\"og:image:width\" content=\"900\" \/>\n\t<meta property=\"og:image:height\" content=\"1025\" \/>\n\t<meta property=\"og:image:type\" content=\"image\/png\" \/>\n<meta name=\"twitter:card\" content=\"summary_large_image\" \/>\n<meta name=\"twitter:label1\" content=\"Gesch\u00e4tzte Lesezeit\" \/>\n\t<meta name=\"twitter:data1\" content=\"1\u00a0Minute\" \/>\n<!-- \/ Yoast SEO plugin. -->","yoast_head_json":{"title":"Stilles Wasser - Sembrancher Premium Minerals","robots":{"index":"index","follow":"follow","max-snippet":"max-snippet:-1","max-image-preview":"max-image-preview:large","max-video-preview":"max-video-preview:-1"},"canonical":"https:\/\/sembrancher.com\/de\/produit\/stilles-wasser\/","og_locale":"de_DE","og_type":"article","og_title":"Stilles Wasser - Sembrancher Premium Minerals","og_description":"Gut gek\u00fchlt serviert, erfrischt dieses nat\u00fcrlich spritzige und delikate Wasser den Geschmack Ihrer feinen Speisen nicht.","og_url":"https:\/\/sembrancher.com\/de\/produit\/stilles-wasser\/","og_site_name":"Sembrancher Premium Minerals","article_modified_time":"2024-11-17T15:55:49+00:00","og_image":[{"width":900,"height":1025,"url":"https:\/\/sembrancher.com\/wp-content\/uploads\/2022\/01\/sembrancher-still-water-37.5-75.png","type":"image\/png"}],"twitter_card":"summary_large_image","twitter_misc":{"Gesch\u00e4tzte Lesezeit":"1\u00a0Minute"},"schema":{"@context":"https:\/\/schema.org","@graph":[{"@type":"WebPage","@id":"https:\/\/sembrancher.com\/de\/produit\/stilles-wasser\/","url":"https:\/\/sembrancher.com\/de\/produit\/stilles-wasser\/","name":"Stilles Wasser - Sembrancher Premium Minerals","isPartOf":{"@id":"https:\/\/sembrancher.com\/de\/#website"},"primaryImageOfPage":{"@id":"https:\/\/sembrancher.com\/de\/produit\/stilles-wasser\/#primaryimage"},"image":{"@id":"https:\/\/sembrancher.com\/de\/produit\/stilles-wasser\/#primaryimage"},"thumbnailUrl":"https:\/\/sembrancher.com\/wp-content\/uploads\/2022\/01\/sembrancher-still-water-37.5-75.png","datePublished":"2022-01-06T09:37:20+00:00","dateModified":"2024-11-17T15:55:49+00:00","breadcrumb":{"@id":"https:\/\/sembrancher.com\/de\/produit\/stilles-wasser\/#breadcrumb"},"inLanguage":"de","potentialAction":[{"@type":"ReadAction","target":["https:\/\/sembrancher.com\/de\/produit\/stilles-wasser\/"]}]},{"@type":"ImageObject","inLanguage":"de","@id":"https:\/\/sembrancher.com\/de\/produit\/stilles-wasser\/#primaryimage","url":"https:\/\/sembrancher.com\/wp-content\/uploads\/2022\/01\/sembrancher-still-water-37.5-75.png","contentUrl":"https:\/\/sembrancher.com\/wp-content\/uploads\/2022\/01\/sembrancher-still-water-37.5-75.png","width":900,"height":1025},{"@type":"BreadcrumbList","@id":"https:\/\/sembrancher.com\/de\/produit\/stilles-wasser\/#breadcrumb","itemListElement":[{"@type":"ListItem","position":1,"name":"Accueil","item":"https:\/\/sembrancher.com\/de\/"},{"@type":"ListItem","position":2,"name":"eShop","item":"https:\/\/sembrancher.com\/de\/eshop\/"},{"@type":"ListItem","position":3,"name":"Stilles Wasser"}]},{"@type":"WebSite","@id":"https:\/\/sembrancher.com\/de\/#website","url":"https:\/\/sembrancher.com\/de\/","name":"Sembrancher Premium Minerals","description":"Swiss Alps","publisher":{"@id":"https:\/\/sembrancher.com\/de\/#organization"},"potentialAction":[{"@type":"SearchAction","target":{"@type":"EntryPoint","urlTemplate":"https:\/\/sembrancher.com\/de\/?s={search_term_string}"},"query-input":{"@type":"PropertyValueSpecification","valueRequired":true,"valueName":"search_term_string"}}],"inLanguage":"de"},{"@type":"Organization","@id":"https:\/\/sembrancher.com\/de\/#organization","name":"Sembrancher Premium Minerals","url":"https:\/\/sembrancher.com\/de\/","logo":{"@type":"ImageObject","inLanguage":"de","@id":"https:\/\/sembrancher.com\/de\/#\/schema\/logo\/image\/","url":"https:\/\/sembrancher.com\/wp-content\/uploads\/2021\/07\/cropped-cropped-logo-1.png","contentUrl":"https:\/\/sembrancher.com\/wp-content\/uploads\/2021\/07\/cropped-cropped-logo-1.png","width":660,"height":164,"caption":"Sembrancher Premium Minerals"},"image":{"@id":"https:\/\/sembrancher.com\/de\/#\/schema\/logo\/image\/"}}]}},"jetpack_sharing_enabled":true,"_links":{"self":[{"href":"https:\/\/sembrancher.com\/de\/wp-json\/wp\/v2\/product\/6053","targetHints":{"allow":["GET"]}}],"collection":[{"href":"https:\/\/sembrancher.com\/de\/wp-json\/wp\/v2\/product"}],"about":[{"href":"https:\/\/sembrancher.com\/de\/wp-json\/wp\/v2\/types\/product"}],"replies":[{"embeddable":true,"href":"https:\/\/sembrancher.com\/de\/wp-json\/wp\/v2\/comments?post=6053"}],"wp:featuredmedia":[{"embeddable":true,"href":"https:\/\/sembrancher.com\/de\/wp-json\/wp\/v2\/media\/4577"}],"wp:attachment":[{"href":"https:\/\/sembrancher.com\/de\/wp-json\/wp\/v2\/media?parent=6053"}],"wp:term":[{"taxonomy":"product_brand","embeddable":true,"href":"https:\/\/sembrancher.com\/de\/wp-json\/wp\/v2\/product_brand?post=6053"},{"taxonomy":"product_cat","embeddable":true,"href":"https:\/\/sembrancher.com\/de\/wp-json\/wp\/v2\/product_cat?post=6053"},{"taxonomy":"product_tag","embeddable":true,"href":"https:\/\/sembrancher.com\/de\/wp-json\/wp\/v2\/product_tag?post=6053"}],"curies":[{"name":"wp","href":"https:\/\/api.w.org\/{rel}","templated":true}]}}