{"id":7203,"date":"2024-09-02T18:00:06","date_gmt":"2024-09-02T16:00:06","guid":{"rendered":"https:\/\/sembrancher.com\/privacy-policy\/"},"modified":"2024-09-03T11:40:29","modified_gmt":"2024-09-03T09:40:29","slug":"datenschutzerklaerung","status":"publish","type":"page","link":"https:\/\/sembrancher.com\/de\/datenschutzerklaerung\/","title":{"rendered":"Datenschutzerkl\u00e4rung"},"content":{"rendered":"\r\n<h2 class=\"wp-block-heading\">Wer sind wir?<\/h2>\r\n\r\n\r\n\r\n<p>Die Adresse unserer Website lautet: https:\/\/www.sembrancher.com.<\/p>\r\n\r\n\r\n\r\n<h2 class=\"wp-block-heading\">Verwendung der gesammelten personenbezogenen Daten<\/h2>\r\n\r\n\r\n\r\n<h3 class=\"wp-block-heading\">Kommentare<\/h3>\r\n\r\n\r\n\r\n<p>Wenn Sie einen Kommentar auf unserer Website hinterlassen, werden die im Kommentarformular eingegebenen Daten sowie Ihre IP-Adresse und der User-Agent Ihres Browsers erfasst, um uns bei der Erkennung von unerw\u00fcnschten Kommentaren zu helfen.<\/p>\r\n\r\n\r\n\r\n<p>Eine anonymisierte Zeichenfolge, die aus Ihrer E-Mail-Adresse erstellt wird (auch als Hash bezeichnet), kann an den Gravatar-Dienst gesendet werden, um zu \u00fcberpr\u00fcfen, ob Sie diesen verwenden. Die Datenschutzbestimmungen des Gravatar-Dienstes finden Sie hier: https:\/\/automattic.com\/privacy\/. Nach der Freigabe Ihres Kommentars wird Ihr Profilbild \u00f6ffentlich neben Ihrem Kommentar sichtbar sein.<\/p>\r\n\r\n\r\n\r\n<h3 class=\"wp-block-heading\">Medien<\/h3>\r\n\r\n\r\n\r\n<p>Wenn Sie ein registrierter Benutzer oder eine registrierte Benutzerin sind und Bilder auf die Website hochladen, empfehlen wir Ihnen, das Hochladen von Bildern zu vermeiden, die EXIF-Daten mit GPS-Koordinaten enthalten. Besucher Ihrer Website k\u00f6nnen diese Bilder herunterladen und Standortdaten extrahieren.<\/p>\r\n\r\n\r\n\r\n<h3 class=\"wp-block-heading\">Kontaktformulare<\/h3>\r\n\r\n\r\n\r\n<h3 class=\"wp-block-heading\">Cookies<\/h3>\r\n\r\n\r\n\r\n<p>Wenn Sie einen Kommentar auf unserer Website hinterlassen, wird Ihnen angeboten, Ihren Namen, Ihre E-Mail-Adresse und Ihre Website in Cookies zu speichern. Dies dient lediglich Ihrem Komfort, damit Sie diese Informationen nicht erneut eingeben m\u00fcssen, wenn Sie sp\u00e4ter einen weiteren Kommentar hinterlassen. Diese Cookies verfallen nach einem Jahr.<\/p>\r\n\r\n\r\n\r\n<p>Wenn Sie die Anmeldeseite aufrufen, wird ein tempor\u00e4res Cookie erstellt, um festzustellen, ob Ihr Browser Cookies akzeptiert. Es enth\u00e4lt keine personenbezogenen Daten und wird automatisch gel\u00f6scht, wenn Sie Ihren Browser schlie\u00dfen.<\/p>\r\n\r\n\r\n\r\n<p>Wenn Sie sich anmelden, richten wir eine Reihe von Cookies ein, um Ihre Anmeldeinformationen und Ihre Anzeigeeinstellungen zu speichern. Die Lebensdauer eines Anmelde-Cookies betr\u00e4gt zwei Tage, die eines Anzeigeoptions-Cookies ein Jahr. Wenn Sie \u201eAngemeldet bleiben\u201c ausw\u00e4hlen, wird Ihr Anmelde-Cookie zwei Wochen lang gespeichert. Wenn Sie sich von Ihrem Konto abmelden, wird das Anmelde-Cookie gel\u00f6scht.<\/p>\r\n\r\n\r\n\r\n<p>Wenn Sie eine Ver\u00f6ffentlichung bearbeiten oder ver\u00f6ffentlichen, wird ein zus\u00e4tzliches Cookie in Ihrem Browser gespeichert. Dieses Cookie enth\u00e4lt keine personenbezogenen Daten. Es zeigt lediglich die ID der Ver\u00f6ffentlichung an, die Sie gerade bearbeitet haben. Es l\u00e4uft nach einem Tag ab.<\/p>\r\n\r\n\r\n\r\n<h3 class=\"wp-block-heading\">Embedded content from other sites<\/h3>\r\n\r\n\r\n\r\n<p>Articles on this site may include embedded content (e.g., videos, images, articles). Embedded content from other websites behaves in the exact same way as if the visitor had visited the other website.<\/p>\r\n\r\n\r\n\r\n<p>Diese Websites k\u00f6nnen Daten \u00fcber Sie sammeln, Cookies verwenden, zus\u00e4tzliche Tracking-Dienste von Dritten einbetten und Ihre Interaktion mit diesen eingebetteten Inhalten \u00fcberwachen, insbesondere wenn Sie ein Konto haben und auf dieser Website angemeldet sind.<\/p>\r\n\r\n\r\n\r\n<h3 class=\"wp-block-heading\">Statistiken und Reichweitenmessung<\/h3>\r\n\r\n\r\n\r\n<h2 class=\"wp-block-heading\">Verwendung und \u00dcbermittlung Ihrer personenbezogenen Daten<\/h2>\r\n\r\n\r\n\r\n<h2 class=\"wp-block-heading\">Speicherdauer Ihrer Daten<\/h2>\r\n\r\n\r\n\r\n<p>Wenn Sie einen Kommentar hinterlassen, werden der Kommentar und seine Metadaten auf unbestimmte Zeit gespeichert. Dadurch k\u00f6nnen nachfolgende Kommentare automatisch erkannt und freigegeben werden, anstatt sie in der Moderationswarteschlange zu halten.<\/p>\r\n\r\n\r\n\r\n<p>F\u00fcr Benutzer, die sich auf unserer Website registrieren (sofern dies m\u00f6glich ist), speichern wir auch die pers\u00f6nlichen Daten, die in ihrem Profil angegeben sind. Alle Benutzer k\u00f6nnen ihre pers\u00f6nlichen Daten jederzeit einsehen, bearbeiten oder l\u00f6schen (mit Ausnahme ihres Benutzernamens). Die Administratoren der Website k\u00f6nnen diese Informationen ebenfalls einsehen und bearbeiten.<\/p>\r\n\r\n\r\n\r\n<h2 class=\"wp-block-heading\">Ihre Rechte bez\u00fcglich Ihrer Daten<\/h2>\r\n\r\n\r\n\r\n<p>Wenn Sie ein Konto haben oder Kommentare auf der Website hinterlassen haben, k\u00f6nnen Sie eine Datei anfordern, die alle pers\u00f6nlichen Daten enth\u00e4lt, die wir \u00fcber Sie besitzen, einschlie\u00dflich aller Daten, die Sie uns zur Verf\u00fcgung gestellt haben. Sie k\u00f6nnen auch die L\u00f6schung Ihrer pers\u00f6nlichen Daten beantragen. Dies betrifft jedoch nicht Daten, die wir zu administrativen, rechtlichen oder sicherheitsrelevanten Zwecken aufbewahren m\u00fcssen.<\/p>\r\n\r\n\r\n\r\n<h2 class=\"wp-block-heading\">\u00dcbermittlung Ihrer personenbezogenen Daten<\/h2>\r\n\r\n\r\n\r\n<p>Besucherkommentare k\u00f6nnen durch einen automatisierten Dienst zur Spam-Erkennung \u00fcberpr\u00fcft werden.<\/p>\r\n\r\n\r\n\r\n<h2 class=\"wp-block-heading\">Kontaktinformationen<\/h2>\r\n\r\n\r\n\r\n<p>F\u00fcr Fragen zu unserer Datenschutzrichtlinie oder Ihren pers\u00f6nlichen Daten k\u00f6nnen Sie uns unter folgender Adresse kontaktieren : <a href=\"mailto:contact@sembrancher.com\">contact@sembrancher.com<\/a>.<\/p>\r\n\r\n\r\n\r\n<h2 class=\"wp-block-heading\">Zus\u00e4tzliche Informationen<\/h2>\r\n\r\n\r\n\r\n<h3 class=\"wp-block-heading\">Wie wir Ihre Daten sch\u00fctzen<\/h3>\r\n\r\n\r\n\r\n<p>Wir setzen verschiedene Sicherheitsma\u00dfnahmen ein, um Ihre pers\u00f6nlichen Daten zu sch\u00fctzen. Dazu geh\u00f6rt die Verwendung von Verschl\u00fcsselungsprotokollen bei der Daten\u00fcbertragung, Firewalls zur Verhinderung unbefugten Zugriffs und regelm\u00e4\u00dfige Sicherheits\u00fcberpr\u00fcfungen, um potenzielle Schwachstellen zu erkennen und zu beheben.<\/p>\r\n\r\n\r\n\r\n<h3 class=\"wp-block-heading\">Data Breach Procedures<\/h3>\r\n\r\n\r\n\r\n<p>In the event of a data breach, we have procedures in place to promptly inform the affected users and the relevant authorities, as required by law. We are committed to taking all necessary measures to limit the impact of the breach and to strengthen the security of our systems.<\/p>\r\n\r\n\r\n\r\n<h3 class=\"wp-block-heading\">Verfahren bei Datenpannen<\/h3>\r\n\r\n\r\n\r\n<p>Im Falle eines Datenlecks haben wir Verfahren implementiert, um die betroffenen Benutzer und die zust\u00e4ndigen Beh\u00f6rden schnellstm\u00f6glich zu informieren, wie es die Vorschriften verlangen. Wir verpflichten uns, alle notwendigen Ma\u00dfnahmen zu ergreifen, um die Auswirkungen des Lecks zu minimieren und die Sicherheit unserer Systeme zu verst\u00e4rken.<\/p>\r\n\r\n\r\n\r\n<h3 class=\"wp-block-heading\">Automatisierte Marketingma\u00dfnahmen und\/oder Profiling mit personenbezogenen Daten<\/h3>\r\n\r\n\r\n\r\n<p>Wir verwenden Ihre personenbezogenen Daten, um unsere Marketingkommunikation zu personalisieren, z. B. indem wir Ihnen Angebote machen, die auf Ihre Interessen zugeschnitten sind. Dieses Profiling erfolgt automatisiert, Sie k\u00f6nnen jedoch jederzeit dieser Verarbeitung widersprechen, indem Sie uns kontaktieren.<\/p>\r\n\r\n\r\n\r\n<h3 class=\"wp-block-heading\">Anzeigen von Informationen zu Sektoren, die spezifischen Vorschriften unterliegen<\/h3>\r\n\r\n\r\n\r\n<p>Unsere Website und die angebotenen Dienste unterliegen keinen spezifischen Vorschriften in Bereichen wie Finanzen oder Gesundheit. Sollte sich dies \u00e4ndern, verpflichten wir uns, die relevanten Informationen anzuzeigen und Sie \u00fcber die geltenden Vorschriften zu informieren.<\/p>\r\n","protected":false},"excerpt":{"rendered":"<p>Wer sind wir? Die Adresse unserer Website lautet: https:\/\/www.sembrancher.com. Verwendung der gesammelten personenbezogenen Daten Kommentare Wenn Sie einen Kommentar auf unserer Website hinterlassen, werden die im Kommentarformular eingegebenen Daten sowie Ihre IP-Adresse und der User-Agent Ihres Browsers erfasst, um uns bei der Erkennung von unerw\u00fcnschten Kommentaren zu helfen. Eine anonymisierte Zeichenfolge, die aus Ihrer E-Mail-Adresse<\/p>\n<p class=\"more-link-wrapper\"><a class=\"btn btn-primary\" href=\"https:\/\/sembrancher.com\/de\/datenschutzerklaerung\/\">Read More<\/a><\/p>\n","protected":false},"author":1,"featured_media":0,"parent":0,"menu_order":0,"comment_status":"closed","ping_status":"closed","template":"","meta":{"footnotes":""},"class_list":["post-7203","page","type-page","status-publish","hentry"],"yoast_head":"<!-- This site is optimized with the Yoast SEO plugin v27.4 - https:\/\/yoast.com\/product\/yoast-seo-wordpress\/ -->\n<title>Datenschutzerkl\u00e4rung - Sembrancher Premium Minerals<\/title>\n<meta name=\"robots\" content=\"index, follow, max-snippet:-1, max-image-preview:large, max-video-preview:-1\" \/>\n<link rel=\"canonical\" href=\"https:\/\/sembrancher.com\/de\/datenschutzerklaerung\/\" \/>\n<meta property=\"og:locale\" content=\"de_DE\" \/>\n<meta property=\"og:type\" content=\"article\" \/>\n<meta property=\"og:title\" content=\"Datenschutzerkl\u00e4rung - Sembrancher Premium Minerals\" \/>\n<meta property=\"og:description\" content=\"Wer sind wir? Die Adresse unserer Website lautet: https:\/\/www.sembrancher.com. Verwendung der gesammelten personenbezogenen Daten Kommentare Wenn Sie einen Kommentar auf unserer Website hinterlassen, werden die im Kommentarformular eingegebenen Daten sowie Ihre IP-Adresse und der User-Agent Ihres Browsers erfasst, um uns bei der Erkennung von unerw\u00fcnschten Kommentaren zu helfen. Eine anonymisierte Zeichenfolge, die aus Ihrer E-Mail-AdresseRead More\" \/>\n<meta property=\"og:url\" content=\"https:\/\/sembrancher.com\/de\/datenschutzerklaerung\/\" \/>\n<meta property=\"og:site_name\" content=\"Sembrancher Premium Minerals\" \/>\n<meta property=\"article:modified_time\" content=\"2024-09-03T09:40:29+00:00\" \/>\n<meta property=\"og:image\" content=\"https:\/\/sembrancher.com\/wp-content\/uploads\/2021\/07\/logo-sembrancher-minerals.png\" \/>\n\t<meta property=\"og:image:width\" content=\"280\" \/>\n\t<meta property=\"og:image:height\" content=\"164\" \/>\n\t<meta property=\"og:image:type\" content=\"image\/png\" \/>\n<meta name=\"twitter:card\" content=\"summary_large_image\" \/>\n<meta name=\"twitter:label1\" content=\"Gesch\u00e4tzte Lesezeit\" \/>\n\t<meta name=\"twitter:data1\" content=\"5\u00a0Minuten\" \/>\n<!-- \/ Yoast SEO plugin. -->","yoast_head_json":{"title":"Datenschutzerkl\u00e4rung - Sembrancher Premium Minerals","robots":{"index":"index","follow":"follow","max-snippet":"max-snippet:-1","max-image-preview":"max-image-preview:large","max-video-preview":"max-video-preview:-1"},"canonical":"https:\/\/sembrancher.com\/de\/datenschutzerklaerung\/","og_locale":"de_DE","og_type":"article","og_title":"Datenschutzerkl\u00e4rung - Sembrancher Premium Minerals","og_description":"Wer sind wir? Die Adresse unserer Website lautet: https:\/\/www.sembrancher.com. Verwendung der gesammelten personenbezogenen Daten Kommentare Wenn Sie einen Kommentar auf unserer Website hinterlassen, werden die im Kommentarformular eingegebenen Daten sowie Ihre IP-Adresse und der User-Agent Ihres Browsers erfasst, um uns bei der Erkennung von unerw\u00fcnschten Kommentaren zu helfen. Eine anonymisierte Zeichenfolge, die aus Ihrer E-Mail-AdresseRead More","og_url":"https:\/\/sembrancher.com\/de\/datenschutzerklaerung\/","og_site_name":"Sembrancher Premium Minerals","article_modified_time":"2024-09-03T09:40:29+00:00","og_image":[{"width":280,"height":164,"url":"https:\/\/sembrancher.com\/wp-content\/uploads\/2021\/07\/logo-sembrancher-minerals.png","type":"image\/png"}],"twitter_card":"summary_large_image","twitter_misc":{"Gesch\u00e4tzte Lesezeit":"5\u00a0Minuten"},"schema":{"@context":"https:\/\/schema.org","@graph":[{"@type":"WebPage","@id":"https:\/\/sembrancher.com\/de\/datenschutzerklaerung\/","url":"https:\/\/sembrancher.com\/de\/datenschutzerklaerung\/","name":"Datenschutzerkl\u00e4rung - Sembrancher Premium Minerals","isPartOf":{"@id":"https:\/\/sembrancher.com\/de\/#website"},"datePublished":"2024-09-02T16:00:06+00:00","dateModified":"2024-09-03T09:40:29+00:00","breadcrumb":{"@id":"https:\/\/sembrancher.com\/de\/datenschutzerklaerung\/#breadcrumb"},"inLanguage":"de","potentialAction":[{"@type":"ReadAction","target":["https:\/\/sembrancher.com\/de\/datenschutzerklaerung\/"]}]},{"@type":"BreadcrumbList","@id":"https:\/\/sembrancher.com\/de\/datenschutzerklaerung\/#breadcrumb","itemListElement":[{"@type":"ListItem","position":1,"name":"Accueil","item":"https:\/\/sembrancher.com\/de\/"},{"@type":"ListItem","position":2,"name":"Datenschutzerkl\u00e4rung"}]},{"@type":"WebSite","@id":"https:\/\/sembrancher.com\/de\/#website","url":"https:\/\/sembrancher.com\/de\/","name":"Sembrancher Premium Minerals","description":"Swiss Alps","publisher":{"@id":"https:\/\/sembrancher.com\/de\/#organization"},"potentialAction":[{"@type":"SearchAction","target":{"@type":"EntryPoint","urlTemplate":"https:\/\/sembrancher.com\/de\/?s={search_term_string}"},"query-input":{"@type":"PropertyValueSpecification","valueRequired":true,"valueName":"search_term_string"}}],"inLanguage":"de"},{"@type":"Organization","@id":"https:\/\/sembrancher.com\/de\/#organization","name":"Sembrancher Premium Minerals","url":"https:\/\/sembrancher.com\/de\/","logo":{"@type":"ImageObject","inLanguage":"de","@id":"https:\/\/sembrancher.com\/de\/#\/schema\/logo\/image\/","url":"https:\/\/sembrancher.com\/wp-content\/uploads\/2021\/07\/cropped-cropped-logo-1.png","contentUrl":"https:\/\/sembrancher.com\/wp-content\/uploads\/2021\/07\/cropped-cropped-logo-1.png","width":660,"height":164,"caption":"Sembrancher Premium Minerals"},"image":{"@id":"https:\/\/sembrancher.com\/de\/#\/schema\/logo\/image\/"}}]}},"jetpack_sharing_enabled":true,"_links":{"self":[{"href":"https:\/\/sembrancher.com\/de\/wp-json\/wp\/v2\/pages\/7203","targetHints":{"allow":["GET"]}}],"collection":[{"href":"https:\/\/sembrancher.com\/de\/wp-json\/wp\/v2\/pages"}],"about":[{"href":"https:\/\/sembrancher.com\/de\/wp-json\/wp\/v2\/types\/page"}],"author":[{"embeddable":true,"href":"https:\/\/sembrancher.com\/de\/wp-json\/wp\/v2\/users\/1"}],"replies":[{"embeddable":true,"href":"https:\/\/sembrancher.com\/de\/wp-json\/wp\/v2\/comments?post=7203"}],"version-history":[{"count":10,"href":"https:\/\/sembrancher.com\/de\/wp-json\/wp\/v2\/pages\/7203\/revisions"}],"predecessor-version":[{"id":7220,"href":"https:\/\/sembrancher.com\/de\/wp-json\/wp\/v2\/pages\/7203\/revisions\/7220"}],"wp:attachment":[{"href":"https:\/\/sembrancher.com\/de\/wp-json\/wp\/v2\/media?parent=7203"}],"curies":[{"name":"wp","href":"https:\/\/api.w.org\/{rel}","templated":true}]}}