{"id":6155,"date":"2023-06-14T08:41:53","date_gmt":"2023-06-14T06:41:53","guid":{"rendered":"https:\/\/sembrancher-vispu43002.live-website.com\/cgv\/"},"modified":"2023-06-14T08:47:11","modified_gmt":"2023-06-14T06:47:11","slug":"allgemeine-geschaeftsbedingungen","status":"publish","type":"page","link":"https:\/\/sembrancher.com\/de\/allgemeine-geschaeftsbedingungen\/","title":{"rendered":"Allgemeine Gesch\u00e4ftsbedingungen"},"content":{"rendered":"<div class=\"wpb-content-wrapper\"><p>[vc_row][vc_column][vc_column_text]<\/p>\n<h2>1. PREAMBULE<\/h2>\n<p>Die Website Sembrancher.com ist eine E-Commerce-Handelswebsite, die von der Soci\u00e9t\u00e9 d&#8217;Exploitation des Eaux Min\u00e9rales de SEMBRANCHER (SEEMS SA) mit Sitz in Route du Grand-Saint-Bernard 82, 1933 Sembrancher, CH, herausgegeben wird. Sie hat zum Ziel, die Verbreitung verschiedener Getr\u00e4nke (alkoholisch und alkoholfrei), von Hefe-basierten Lebensmitteln und anderen abgeleiteten Produkten an Verbraucher zu erm\u00f6glichen.<\/p>\n<h2>2. OBJEKT<\/h2>\n<p>Diese Allgemeinen Verkaufsbedingungen regeln die technischen, rechtlichen und finanziellen Bedingungen, unter denen SEEMS die Bestellung an ihre Kunden, Verbraucher, gegen Zahlung des in der Bestellbest\u00e4tigung genannten Preises liefert.<\/p>\n<h2>3. DEFINITIONEN<\/h2>\n<p>K\u00e4ufer: Internetnutzer, der eine Bestellung auf der Website aufgibt.<br \/>\nBestellung: Alle Produkte, die der K\u00e4ufer auf der Website bestellen m\u00f6chte.<br \/>\nBestellbest\u00e4tigung: Dokument, das dem K\u00e4ufer von SEEMS so bald wie m\u00f6glich nach Eingang seiner Bestellung zugesandt wird und die wesentlichen Informationen der Bestellung zusammenfasst.<br \/>\nInternetnutzer: Jede Person, die sich auf der Website anmeldet, um sich \u00fcber angebotene Produkte zu informieren und potenziell ein K\u00e4ufer zu werden.<br \/>\nWarenkorb: Vom K\u00e4ufer ausgew\u00e4hlte Produkte f\u00fcr die Bestellung.<br \/>\nProdukte: Getr\u00e4nke, Lebensmittel und andere auf der Website pr\u00e4sentierte Artikel.<br \/>\nWebsite: Die von SEEMS herausgegebene Website, erreichbar unter folgender Adresse: www.sembrancher.com<\/p>\n<h2>4. VERTRAGLICHE DOKUMENTE<\/h2>\n<p>Die vertraglichen Dokumente sind in absteigender Reihenfolge wie folgt: Diese Allgemeinen Verkaufsbedingungen; Die Bestellbest\u00e4tigung; Die Bestellung; Im Falle eines Widerspruchs zwischen zwei oben genannten Dokumenten haben die Bestimmungen des h\u00f6herrangigen Dokuments Vorrang, um den Interpretationskonflikt zu l\u00f6sen. Sofern keine ausdr\u00fccklich abweichende Vereinbarung zwischen den Parteien besteht, sind alle anderen Dokumente von den vertraglichen Dokumenten ausgeschlossen, einschlie\u00dflich der Dokumente des K\u00e4ufers.<\/p>\n<h2>5. IN-KRAFT-TRETEN &#8211; DAUER<\/h2>\n<p>Die f\u00fcr die Bestellung geltenden Allgemeinen Verkaufsbedingungen sind diejenigen, die zum Zeitpunkt der Bestellung online sind, und bleiben w\u00e4hrend der gesamten f\u00fcr ihre Ausf\u00fchrung erforderlichen Dauer in Kraft. SEEMS beh\u00e4lt sich das Recht vor, ihre Allgemeinen Verkaufsbedingungen jederzeit zu \u00e4ndern, was der K\u00e4ufer akzeptiert.<\/p>\n<h2>6. BESTELLUNG<\/h2>\n<h3>6.1. FORMALISIERUNG DER BESTELLUNG<\/h3>\n<p>Die Bestellungen werden vom K\u00e4ufer direkt auf der Website aufgegeben. Der K\u00e4ufer, der eine Bestellung aufgeben m\u00f6chte, muss folgendes Verfahren befolgen: &#8211; Auswahl des Produkts: Der K\u00e4ufer w\u00e4hlt das<br \/>\n[\/vc_column_text][\/vc_column][\/vc_row]<\/p>\n<\/div>","protected":false},"excerpt":{"rendered":"<p>[vc_row][vc_column][vc_column_text] 1. PREAMBULE Die Website Sembrancher.com ist eine E-Commerce-Handelswebsite, die von der Soci\u00e9t\u00e9 d&#8217;Exploitation des Eaux Min\u00e9rales de SEMBRANCHER (SEEMS SA) mit Sitz in Route du Grand-Saint-Bernard 82, 1933 Sembrancher, CH, herausgegeben wird. Sie hat zum Ziel, die Verbreitung verschiedener Getr\u00e4nke (alkoholisch und alkoholfrei), von Hefe-basierten Lebensmitteln und anderen abgeleiteten Produkten an Verbraucher zu erm\u00f6glichen.<\/p>\n<p class=\"more-link-wrapper\"><a class=\"btn btn-primary\" href=\"https:\/\/sembrancher.com\/de\/allgemeine-geschaeftsbedingungen\/\">Read More<\/a><\/p>\n","protected":false},"author":1,"featured_media":0,"parent":0,"menu_order":0,"comment_status":"closed","ping_status":"closed","template":"","meta":{"footnotes":""},"class_list":["post-6155","page","type-page","status-publish","hentry"],"yoast_head":"<!-- This site is optimized with the Yoast SEO plugin v27.4 - https:\/\/yoast.com\/product\/yoast-seo-wordpress\/ -->\n<title>Allgemeine Gesch\u00e4ftsbedingungen - Sembrancher Premium Minerals<\/title>\n<meta name=\"robots\" content=\"index, follow, max-snippet:-1, max-image-preview:large, max-video-preview:-1\" \/>\n<link rel=\"canonical\" href=\"https:\/\/sembrancher.com\/de\/allgemeine-geschaeftsbedingungen\/\" \/>\n<meta property=\"og:locale\" content=\"de_DE\" \/>\n<meta property=\"og:type\" content=\"article\" \/>\n<meta property=\"og:title\" content=\"Allgemeine Gesch\u00e4ftsbedingungen - Sembrancher Premium Minerals\" \/>\n<meta property=\"og:description\" content=\"[vc_row][vc_column][vc_column_text] 1. PREAMBULE Die Website Sembrancher.com ist eine E-Commerce-Handelswebsite, die von der Soci\u00e9t\u00e9 d&#8217;Exploitation des Eaux Min\u00e9rales de SEMBRANCHER (SEEMS SA) mit Sitz in Route du Grand-Saint-Bernard 82, 1933 Sembrancher, CH, herausgegeben wird. Sie hat zum Ziel, die Verbreitung verschiedener Getr\u00e4nke (alkoholisch und alkoholfrei), von Hefe-basierten Lebensmitteln und anderen abgeleiteten Produkten an Verbraucher zu erm\u00f6glichen.Read More\" \/>\n<meta property=\"og:url\" content=\"https:\/\/sembrancher.com\/de\/allgemeine-geschaeftsbedingungen\/\" \/>\n<meta property=\"og:site_name\" content=\"Sembrancher Premium Minerals\" \/>\n<meta property=\"article:modified_time\" content=\"2023-06-14T06:47:11+00:00\" \/>\n<meta property=\"og:image\" content=\"https:\/\/sembrancher.com\/wp-content\/uploads\/2021\/07\/logo-sembrancher-minerals.png\" \/>\n\t<meta property=\"og:image:width\" content=\"280\" \/>\n\t<meta property=\"og:image:height\" content=\"164\" \/>\n\t<meta property=\"og:image:type\" content=\"image\/png\" \/>\n<meta name=\"twitter:card\" content=\"summary_large_image\" \/>\n<meta name=\"twitter:label1\" content=\"Gesch\u00e4tzte Lesezeit\" \/>\n\t<meta name=\"twitter:data1\" content=\"2\u00a0Minuten\" \/>\n<!-- \/ Yoast SEO plugin. -->","yoast_head_json":{"title":"Allgemeine Gesch\u00e4ftsbedingungen - Sembrancher Premium Minerals","robots":{"index":"index","follow":"follow","max-snippet":"max-snippet:-1","max-image-preview":"max-image-preview:large","max-video-preview":"max-video-preview:-1"},"canonical":"https:\/\/sembrancher.com\/de\/allgemeine-geschaeftsbedingungen\/","og_locale":"de_DE","og_type":"article","og_title":"Allgemeine Gesch\u00e4ftsbedingungen - Sembrancher Premium Minerals","og_description":"[vc_row][vc_column][vc_column_text] 1. PREAMBULE Die Website Sembrancher.com ist eine E-Commerce-Handelswebsite, die von der Soci\u00e9t\u00e9 d&#8217;Exploitation des Eaux Min\u00e9rales de SEMBRANCHER (SEEMS SA) mit Sitz in Route du Grand-Saint-Bernard 82, 1933 Sembrancher, CH, herausgegeben wird. Sie hat zum Ziel, die Verbreitung verschiedener Getr\u00e4nke (alkoholisch und alkoholfrei), von Hefe-basierten Lebensmitteln und anderen abgeleiteten Produkten an Verbraucher zu erm\u00f6glichen.Read More","og_url":"https:\/\/sembrancher.com\/de\/allgemeine-geschaeftsbedingungen\/","og_site_name":"Sembrancher Premium Minerals","article_modified_time":"2023-06-14T06:47:11+00:00","og_image":[{"width":280,"height":164,"url":"https:\/\/sembrancher.com\/wp-content\/uploads\/2021\/07\/logo-sembrancher-minerals.png","type":"image\/png"}],"twitter_card":"summary_large_image","twitter_misc":{"Gesch\u00e4tzte Lesezeit":"2\u00a0Minuten"},"schema":{"@context":"https:\/\/schema.org","@graph":[{"@type":"WebPage","@id":"https:\/\/sembrancher.com\/de\/allgemeine-geschaeftsbedingungen\/","url":"https:\/\/sembrancher.com\/de\/allgemeine-geschaeftsbedingungen\/","name":"Allgemeine Gesch\u00e4ftsbedingungen - Sembrancher Premium Minerals","isPartOf":{"@id":"https:\/\/sembrancher.com\/de\/#website"},"datePublished":"2023-06-14T06:41:53+00:00","dateModified":"2023-06-14T06:47:11+00:00","breadcrumb":{"@id":"https:\/\/sembrancher.com\/de\/allgemeine-geschaeftsbedingungen\/#breadcrumb"},"inLanguage":"de","potentialAction":[{"@type":"ReadAction","target":["https:\/\/sembrancher.com\/de\/allgemeine-geschaeftsbedingungen\/"]}]},{"@type":"BreadcrumbList","@id":"https:\/\/sembrancher.com\/de\/allgemeine-geschaeftsbedingungen\/#breadcrumb","itemListElement":[{"@type":"ListItem","position":1,"name":"Accueil","item":"https:\/\/sembrancher.com\/de\/"},{"@type":"ListItem","position":2,"name":"Allgemeine Gesch\u00e4ftsbedingungen"}]},{"@type":"WebSite","@id":"https:\/\/sembrancher.com\/de\/#website","url":"https:\/\/sembrancher.com\/de\/","name":"Sembrancher Premium Minerals","description":"Swiss Alps","publisher":{"@id":"https:\/\/sembrancher.com\/de\/#organization"},"potentialAction":[{"@type":"SearchAction","target":{"@type":"EntryPoint","urlTemplate":"https:\/\/sembrancher.com\/de\/?s={search_term_string}"},"query-input":{"@type":"PropertyValueSpecification","valueRequired":true,"valueName":"search_term_string"}}],"inLanguage":"de"},{"@type":"Organization","@id":"https:\/\/sembrancher.com\/de\/#organization","name":"Sembrancher Premium Minerals","url":"https:\/\/sembrancher.com\/de\/","logo":{"@type":"ImageObject","inLanguage":"de","@id":"https:\/\/sembrancher.com\/de\/#\/schema\/logo\/image\/","url":"https:\/\/sembrancher.com\/wp-content\/uploads\/2021\/07\/cropped-cropped-logo-1.png","contentUrl":"https:\/\/sembrancher.com\/wp-content\/uploads\/2021\/07\/cropped-cropped-logo-1.png","width":660,"height":164,"caption":"Sembrancher Premium Minerals"},"image":{"@id":"https:\/\/sembrancher.com\/de\/#\/schema\/logo\/image\/"}}]}},"jetpack_sharing_enabled":true,"_links":{"self":[{"href":"https:\/\/sembrancher.com\/de\/wp-json\/wp\/v2\/pages\/6155","targetHints":{"allow":["GET"]}}],"collection":[{"href":"https:\/\/sembrancher.com\/de\/wp-json\/wp\/v2\/pages"}],"about":[{"href":"https:\/\/sembrancher.com\/de\/wp-json\/wp\/v2\/types\/page"}],"author":[{"embeddable":true,"href":"https:\/\/sembrancher.com\/de\/wp-json\/wp\/v2\/users\/1"}],"replies":[{"embeddable":true,"href":"https:\/\/sembrancher.com\/de\/wp-json\/wp\/v2\/comments?post=6155"}],"version-history":[{"count":6,"href":"https:\/\/sembrancher.com\/de\/wp-json\/wp\/v2\/pages\/6155\/revisions"}],"predecessor-version":[{"id":6162,"href":"https:\/\/sembrancher.com\/de\/wp-json\/wp\/v2\/pages\/6155\/revisions\/6162"}],"wp:attachment":[{"href":"https:\/\/sembrancher.com\/de\/wp-json\/wp\/v2\/media?parent=6155"}],"curies":[{"name":"wp","href":"https:\/\/api.w.org\/{rel}","templated":true}]}}