{"id":6031,"date":"2023-05-30T08:25:24","date_gmt":"2023-05-30T06:25:24","guid":{"rendered":"https:\/\/sembrancher-vispu43002.live-website.com\/christian-guex\/"},"modified":"2023-05-30T08:32:39","modified_gmt":"2023-05-30T06:32:39","slug":"christian-guex","status":"publish","type":"page","link":"https:\/\/sembrancher.com\/de\/christian-guex\/","title":{"rendered":"Christian Guex"},"content":{"rendered":"<div class=\"wpb-content-wrapper\"><p>[vc_row][vc_column width=&#8221;1\/6&#8243;][\/vc_column][vc_column width=&#8221;2\/3&#8243; css=&#8221;.vc_custom_1576836932037{background-image: url(http:\/\/okthemes.com\/lucia-vineyards-demo\/wp-content\/uploads\/2019\/12\/expanded-quotes.png?id=2197) !important;background-position: 0 0 !important;background-repeat: no-repeat !important;}&#8221; el_class=&#8221;background-position-center&#8221;]\n\t<blockquote style=\"color: #000000;\" class=\"gg-vc-quote  remove_blockquotes font_size_normal text-align-center \">\n\tW\u00e4hlen Sie eine Arbeit, die Sie lieben, und Sie werden keinen einzigen Tag Ihres Lebens arbeiten m\u00fcssen\n\t<\/blockquote>[\/vc_column][vc_column width=&#8221;1\/6&#8243;][\/vc_column][\/vc_row][vc_row][vc_column width=&#8221;1\/4&#8243;][\/vc_column][vc_column width=&#8221;1\/2&#8243; css=&#8221;.vc_custom_1580216206787{padding-right: 0px !important;padding-left: 0px !important;}&#8221;][vc_column_text css=&#8221;.vc_custom_1685428367423{background-position: center !important;background-repeat: no-repeat !important;background-size: contain !important;}&#8221;]Im Jahr 2014 bin ich dem wunderbaren unternehmerischen Abenteuer der Soci\u00e9t\u00e9 des Eaux Min\u00e9rales de Sembrancher in der Schweiz beigetreten. Der weise Konfuzius sagte: &#8220;W\u00e4hle einen Beruf, den du liebst, und du wirst keinen einzigen Tag in deinem Leben arbeiten m\u00fcssen.&#8221; Dieses ber\u00fchmte Zitat best\u00e4rkt mich in der \u00dcberzeugung, dass es ein gro\u00dfes Privileg ist, dies erreichen zu k\u00f6nnen. Es ist von entscheidender Bedeutung und gerecht, sich in seiner Arbeit wirklich und vollst\u00e4ndig verwirklichen zu k\u00f6nnen und jeden Morgen Freude daran zu haben, zur Arbeit zu gehen.<\/p>\n<p>T\u00e4glich an Dingen zu arbeiten, die sinnvoll sind und sowohl zu meiner pers\u00f6nlichen Entfaltung und Lebensqualit\u00e4t beitragen als auch dazu dienen, eine tugendhaftere Welt zu gestalten, ist ein Weg, dem ich immer wieder folge.<\/p>\n<p>Die Freuden der Aufgabe, die Zufriedenheit aus guter Arbeit und die daraus resultierenden Erfolge machen sie zu einer Selbstverst\u00e4ndlichkeit f\u00fcr mein individuelles Gleichgewicht und mein t\u00e4gliches Wohlbefinden. Ich sch\u00e4tze die Kraft und Energie dieses Gedankens von B. Fontenelle, der sagte: &#8220;Das gr\u00f6\u00dfte Geheimnis des Gl\u00fccks ist, mit sich selbst im Einklang zu sein.&#8221; In \u00dcbereinstimmung damit bem\u00fche ich mich, Handlungen zu setzen, die diese Lebensphilosophie verwirklichen.<\/p>\n<p>Das Leben ist eine Abfolge von Schritten, Pr\u00fcfungen und vielf\u00e4ltigen Erfahrungen, die uns manchmal streicheln und manchmal schlagen, aber unausweichlich unsere Entschlossenheit und Identit\u00e4t formen, unsere Interessen, Leidenschaften und Verpflichtungen sch\u00e4rfen. Es ist ein Tanz, der Begegnungen und Entdeckungen unserer Lebensr\u00e4ume in Bewegung bringt, uns mit der Umwelt, den Ressourcen und dem Leben vertraut macht und sensibilisiert. Ein kontinuierliches Lernen, eine t\u00e4gliche Entdeckung. Es bietet die M\u00f6glichkeit, aus jedem Ereignis eine neue Gelegenheit zu machen, auf unsere eigenen inneren Ressourcen zuzugreifen, um unser Leben als verantwortungsbewusste und engagierte Akteure zu gestalten.<\/p>\n<p>Mein Beruf bei der Soci\u00e9t\u00e9 d&#8217;Exploitation des Eaux Min\u00e9rales de Sembrancher besteht vor allem darin, die Natur und die Berge zu respektieren, die uns diese Ressource bieten. Ich habe das Privileg, zusammen mit Olivier und dem Sembrancher-Team einen Beruf im Zusammenhang mit der Gastronomie auszu\u00fcben, auch wenn wir hier bescheiden sind und die Rohstoffe nicht selbst verarbeiten, sondern dieses Geschenk der Natur f\u00fcr den Verbrauch erhalten und anbieten.<\/p>\n<p>&nbsp;<\/p>\n<p>Wir sind Wasserhandwerker, die bestrebt sind, den Verbrauchern ein hochwertiges, authentisches und umweltfreundliches Produkt anzubieten. Dies f\u00fchrt uns nat\u00fcrlich dazu, die Gastronomie, Hoteliers, Restaurantbesitzer, K\u00f6che, Genie\u00dfer und das gesamte Servicepersonal, das in der Gastronomie t\u00e4tig ist, aufzusuchen.<\/p>\n<p>Meine Werte sind die Zufriedenheit der Kunden, qualitativ hochwertiger Service, Ethik, die Liebe zur guten Arbeit, der Respekt vor den Ressourcen, der Umwelt und der Natur, ohne die wir nichts w\u00e4ren. Die Beziehung zu anderen und das Vertrauen spielen in meiner Zusammenarbeit eine gro\u00dfe Rolle. Man sagt \u00fcber mich, dass ich engagiert, entschlossen, tatkr\u00e4ftig, verantwortungsbewusst, professionell, einfach und locker bin. Ich mag es zu glauben, dass ich dieser Vision gerecht werde. Unser Wille bei der S.E.E.M.S S.A ist entschieden darauf ausgerichtet, die Ressource zu sch\u00fctzen. Diese Vision erm\u00f6glicht es uns, sehr nahe an unseren Kunden zu sein, sie gut kennenzulernen und oft enge Kontakte zu den Akteuren der Gastronomie zu kn\u00fcpfen.[\/vc_column_text][\/vc_column][vc_column width=&#8221;1\/4&#8243;][\/vc_column][\/vc_row][vc_row][vc_column][vc_empty_space][\/vc_column][\/vc_row]<\/p>\n<\/div>","protected":false},"excerpt":{"rendered":"<p>[vc_row][vc_column width=&#8221;1\/6&#8243;][\/vc_column][vc_column width=&#8221;2\/3&#8243; css=&#8221;.vc_custom_1576836932037{background-image: url(http:\/\/okthemes.com\/lucia-vineyards-demo\/wp-content\/uploads\/2019\/12\/expanded-quotes.png?id=2197) !important;background-position: 0 0 !important;background-repeat: no-repeat !important;}&#8221; el_class=&#8221;background-position-center&#8221;][\/vc_column][vc_column width=&#8221;1\/6&#8243;][\/vc_column][\/vc_row][vc_row][vc_column width=&#8221;1\/4&#8243;][\/vc_column][vc_column width=&#8221;1\/2&#8243; css=&#8221;.vc_custom_1580216206787{padding-right: 0px !important;padding-left: 0px !important;}&#8221;][vc_column_text css=&#8221;.vc_custom_1685428367423{background-position: center !important;background-repeat: no-repeat !important;background-size: contain !important;}&#8221;]Im Jahr 2014 bin ich dem wunderbaren unternehmerischen Abenteuer der Soci\u00e9t\u00e9 des Eaux Min\u00e9rales de Sembrancher in der Schweiz beigetreten. Der weise Konfuzius sagte: &#8220;W\u00e4hle einen Beruf, den du<\/p>\n<p class=\"more-link-wrapper\"><a class=\"btn btn-primary\" href=\"https:\/\/sembrancher.com\/de\/christian-guex\/\">Read More<\/a><\/p>\n","protected":false},"author":1,"featured_media":0,"parent":0,"menu_order":0,"comment_status":"closed","ping_status":"closed","template":"","meta":{"footnotes":""},"class_list":["post-6031","page","type-page","status-publish","hentry"],"yoast_head":"<!-- This site is optimized with the Yoast SEO plugin v27.5 - https:\/\/yoast.com\/product\/yoast-seo-wordpress\/ -->\n<title>Christian Guex - Sembrancher Premium Minerals<\/title>\n<meta name=\"robots\" content=\"index, follow, max-snippet:-1, max-image-preview:large, max-video-preview:-1\" \/>\n<link rel=\"canonical\" href=\"https:\/\/sembrancher.com\/de\/christian-guex\/\" \/>\n<meta property=\"og:locale\" content=\"de_DE\" \/>\n<meta property=\"og:type\" content=\"article\" \/>\n<meta property=\"og:title\" content=\"Christian Guex - Sembrancher Premium Minerals\" \/>\n<meta property=\"og:description\" content=\"[vc_row][vc_column width=&#8221;1\/6&#8243;][\/vc_column][vc_column width=&#8221;2\/3&#8243; css=&#8221;.vc_custom_1576836932037{background-image: url(http:\/\/okthemes.com\/lucia-vineyards-demo\/wp-content\/uploads\/2019\/12\/expanded-quotes.png?id=2197) !important;background-position: 0 0 !important;background-repeat: no-repeat !important;}&#8221; el_class=&#8221;background-position-center&#8221;][\/vc_column][vc_column width=&#8221;1\/6&#8243;][\/vc_column][\/vc_row][vc_row][vc_column width=&#8221;1\/4&#8243;][\/vc_column][vc_column width=&#8221;1\/2&#8243; css=&#8221;.vc_custom_1580216206787{padding-right: 0px !important;padding-left: 0px !important;}&#8221;][vc_column_text css=&#8221;.vc_custom_1685428367423{background-position: center !important;background-repeat: no-repeat !important;background-size: contain !important;}&#8221;]Im Jahr 2014 bin ich dem wunderbaren unternehmerischen Abenteuer der Soci\u00e9t\u00e9 des Eaux Min\u00e9rales de Sembrancher in der Schweiz beigetreten. Der weise Konfuzius sagte: &#8220;W\u00e4hle einen Beruf, den duRead More\" \/>\n<meta property=\"og:url\" content=\"https:\/\/sembrancher.com\/de\/christian-guex\/\" \/>\n<meta property=\"og:site_name\" content=\"Sembrancher Premium Minerals\" \/>\n<meta property=\"article:modified_time\" content=\"2023-05-30T06:32:39+00:00\" \/>\n<meta property=\"og:image\" content=\"https:\/\/sembrancher.com\/wp-content\/uploads\/2021\/07\/logo-sembrancher-minerals.png\" \/>\n\t<meta property=\"og:image:width\" content=\"280\" \/>\n\t<meta property=\"og:image:height\" content=\"164\" \/>\n\t<meta property=\"og:image:type\" content=\"image\/png\" \/>\n<meta name=\"twitter:card\" content=\"summary_large_image\" \/>\n<meta name=\"twitter:label1\" content=\"Gesch\u00e4tzte Lesezeit\" \/>\n\t<meta name=\"twitter:data1\" content=\"3\u00a0Minuten\" \/>\n<!-- \/ Yoast SEO plugin. -->","yoast_head_json":{"title":"Christian Guex - Sembrancher Premium Minerals","robots":{"index":"index","follow":"follow","max-snippet":"max-snippet:-1","max-image-preview":"max-image-preview:large","max-video-preview":"max-video-preview:-1"},"canonical":"https:\/\/sembrancher.com\/de\/christian-guex\/","og_locale":"de_DE","og_type":"article","og_title":"Christian Guex - Sembrancher Premium Minerals","og_description":"[vc_row][vc_column width=&#8221;1\/6&#8243;][\/vc_column][vc_column width=&#8221;2\/3&#8243; css=&#8221;.vc_custom_1576836932037{background-image: url(http:\/\/okthemes.com\/lucia-vineyards-demo\/wp-content\/uploads\/2019\/12\/expanded-quotes.png?id=2197) !important;background-position: 0 0 !important;background-repeat: no-repeat !important;}&#8221; el_class=&#8221;background-position-center&#8221;][\/vc_column][vc_column width=&#8221;1\/6&#8243;][\/vc_column][\/vc_row][vc_row][vc_column width=&#8221;1\/4&#8243;][\/vc_column][vc_column width=&#8221;1\/2&#8243; css=&#8221;.vc_custom_1580216206787{padding-right: 0px !important;padding-left: 0px !important;}&#8221;][vc_column_text css=&#8221;.vc_custom_1685428367423{background-position: center !important;background-repeat: no-repeat !important;background-size: contain !important;}&#8221;]Im Jahr 2014 bin ich dem wunderbaren unternehmerischen Abenteuer der Soci\u00e9t\u00e9 des Eaux Min\u00e9rales de Sembrancher in der Schweiz beigetreten. Der weise Konfuzius sagte: &#8220;W\u00e4hle einen Beruf, den duRead More","og_url":"https:\/\/sembrancher.com\/de\/christian-guex\/","og_site_name":"Sembrancher Premium Minerals","article_modified_time":"2023-05-30T06:32:39+00:00","og_image":[{"width":280,"height":164,"url":"https:\/\/sembrancher.com\/wp-content\/uploads\/2021\/07\/logo-sembrancher-minerals.png","type":"image\/png"}],"twitter_card":"summary_large_image","twitter_misc":{"Gesch\u00e4tzte Lesezeit":"3\u00a0Minuten"},"schema":{"@context":"https:\/\/schema.org","@graph":[{"@type":"WebPage","@id":"https:\/\/sembrancher.com\/de\/christian-guex\/","url":"https:\/\/sembrancher.com\/de\/christian-guex\/","name":"Christian Guex - Sembrancher Premium Minerals","isPartOf":{"@id":"https:\/\/sembrancher.com\/de\/#website"},"datePublished":"2023-05-30T06:25:24+00:00","dateModified":"2023-05-30T06:32:39+00:00","breadcrumb":{"@id":"https:\/\/sembrancher.com\/de\/christian-guex\/#breadcrumb"},"inLanguage":"de","potentialAction":[{"@type":"ReadAction","target":["https:\/\/sembrancher.com\/de\/christian-guex\/"]}]},{"@type":"BreadcrumbList","@id":"https:\/\/sembrancher.com\/de\/christian-guex\/#breadcrumb","itemListElement":[{"@type":"ListItem","position":1,"name":"Accueil","item":"https:\/\/sembrancher.com\/de\/"},{"@type":"ListItem","position":2,"name":"Christian Guex"}]},{"@type":"WebSite","@id":"https:\/\/sembrancher.com\/de\/#website","url":"https:\/\/sembrancher.com\/de\/","name":"Sembrancher Premium Minerals","description":"Swiss Alps","publisher":{"@id":"https:\/\/sembrancher.com\/de\/#organization"},"potentialAction":[{"@type":"SearchAction","target":{"@type":"EntryPoint","urlTemplate":"https:\/\/sembrancher.com\/de\/?s={search_term_string}"},"query-input":{"@type":"PropertyValueSpecification","valueRequired":true,"valueName":"search_term_string"}}],"inLanguage":"de"},{"@type":"Organization","@id":"https:\/\/sembrancher.com\/de\/#organization","name":"Sembrancher Premium Minerals","url":"https:\/\/sembrancher.com\/de\/","logo":{"@type":"ImageObject","inLanguage":"de","@id":"https:\/\/sembrancher.com\/de\/#\/schema\/logo\/image\/","url":"https:\/\/sembrancher.com\/wp-content\/uploads\/2021\/07\/cropped-cropped-logo-1.png","contentUrl":"https:\/\/sembrancher.com\/wp-content\/uploads\/2021\/07\/cropped-cropped-logo-1.png","width":660,"height":164,"caption":"Sembrancher Premium Minerals"},"image":{"@id":"https:\/\/sembrancher.com\/de\/#\/schema\/logo\/image\/"}}]}},"jetpack_sharing_enabled":true,"_links":{"self":[{"href":"https:\/\/sembrancher.com\/de\/wp-json\/wp\/v2\/pages\/6031","targetHints":{"allow":["GET"]}}],"collection":[{"href":"https:\/\/sembrancher.com\/de\/wp-json\/wp\/v2\/pages"}],"about":[{"href":"https:\/\/sembrancher.com\/de\/wp-json\/wp\/v2\/types\/page"}],"author":[{"embeddable":true,"href":"https:\/\/sembrancher.com\/de\/wp-json\/wp\/v2\/users\/1"}],"replies":[{"embeddable":true,"href":"https:\/\/sembrancher.com\/de\/wp-json\/wp\/v2\/comments?post=6031"}],"version-history":[{"count":3,"href":"https:\/\/sembrancher.com\/de\/wp-json\/wp\/v2\/pages\/6031\/revisions"}],"predecessor-version":[{"id":6036,"href":"https:\/\/sembrancher.com\/de\/wp-json\/wp\/v2\/pages\/6031\/revisions\/6036"}],"wp:attachment":[{"href":"https:\/\/sembrancher.com\/de\/wp-json\/wp\/v2\/media?parent=6031"}],"curies":[{"name":"wp","href":"https:\/\/api.w.org\/{rel}","templated":true}]}}