{"id":6029,"date":"2023-05-30T08:24:47","date_gmt":"2023-05-30T06:24:47","guid":{"rendered":"https:\/\/sembrancher-vispu43002.live-website.com\/olivier-genin\/"},"modified":"2023-05-30T08:34:25","modified_gmt":"2023-05-30T06:34:25","slug":"olivier-genin","status":"publish","type":"page","link":"https:\/\/sembrancher.com\/de\/olivier-genin\/","title":{"rendered":"Olivier Genin"},"content":{"rendered":"<div class=\"wpb-content-wrapper\"><p>[vc_row][vc_column width=&#8221;1\/6&#8243;][\/vc_column][vc_column width=&#8221;2\/3&#8243; css=&#8221;.vc_custom_1576836932037{background-image: url(http:\/\/okthemes.com\/lucia-vineyards-demo\/wp-content\/uploads\/2019\/12\/expanded-quotes.png?id=2197) !important;background-position: 0 0 !important;background-repeat: no-repeat !important;}&#8221; el_class=&#8221;background-position-center&#8221;]\n\t<blockquote style=\"color: #000000;\" class=\"gg-vc-quote  remove_blockquotes font_size_normal text-align-center \">\n\tSich an den einfachen Dingen zu erfreuen, ist eine Energie, die mich jeden Tag aufs Neue n\u00e4hrt, immer wieder...\n\t<\/blockquote>[\/vc_column][vc_column width=&#8221;1\/6&#8243;][\/vc_column][\/vc_row][vc_row][vc_column width=&#8221;1\/4&#8243;][\/vc_column][vc_column width=&#8221;1\/2&#8243; css=&#8221;.vc_custom_1580216206787{padding-right: 0px !important;padding-left: 0px !important;}&#8221;][vc_column_text css=&#8221;.vc_custom_1685428476328{background-position: center !important;background-repeat: no-repeat !important;background-size: contain !important;}&#8221;]Dieses Zitat gewinnt seine volle Bedeutung, wenn ich mit so viel Dankbarkeit und Begeisterung diese herrliche Umgebung bewundere, die der Mont Catogne bietet. Ein Berg in der Schweizer Alpenkette, von dem das Mineralwasser von Sembrancher stammt. Wie kann man nicht von dieser ultimativen Sch\u00f6nheit, dieser wilden Natur ergriffen sein, die mich, falls das \u00fcberhaupt n\u00f6tig ist, daran erinnert, wie kostbar, blendend und manchmal auch zerbrechlich die Natur ist. Ein Berg, den ich das Vergn\u00fcgen hatte, mit meinen Partnern zu besteigen. Und in diesem klaren Bewusstsein, dass der Erhalt unserer nat\u00fcrlichen Ressourcen keine Option mehr ist, setze ich mich jeden Tag f\u00fcr Innovation und Kreativit\u00e4t im Dienste des Planeten, seiner Reicht\u00fcmer und der Menschen, die darauf leben, ein. Ich handle gemeinsam mit unseren Mitarbeitern f\u00fcr eine verantwortungsbewusstere Welt und trage durch Unternehmertum dazu bei, umweltfreundliche, innovative und n\u00fctzliche L\u00f6sungen hervorzubringen. L\u00f6sungen, die gleicherma\u00dfen der lokalen Wirtschaft, der Wertsch\u00e4tzung des Handwerks und lokaler F\u00e4higkeiten sowie unserer Umwelt dienen.<\/p>\n<p>So habe ich mich in jedem meiner Unternehmen, sei es La Manufacture Urbaine in Charleroi, La R\u00e9gie Immobili\u00e8re Fiducia in Lyon oder nat\u00fcrlich S.E.E.M.S SA in Sembrancher, st\u00e4ndig neu erfunden, mich weiterentwickelt und Fortschritte gemacht, um konkret zu einer gr\u00f6\u00dferen Sache beizutragen. Tief in mir verwurzelt, bin ich ein Humanist und glaube daran, dass alles eine Gelegenheit ist und dass jede Handlung von den gef\u00f6rderten Werten unterst\u00fctzt werden muss, um wirklich zum Wachstum beizutragen, ohne dabei unterwegs seine Seele und seinen Sinn zu verlieren. Die Wagemutigkeit ist in mir verankert, genauso wie der Wunsch, pragmatisch zum Wandel beizutragen, wie ein engagierter Handwerker einer umweltbewussteren und innovativeren Welt. Unsere drei Unternehmen in der Schweiz, Belgien und Frankreich zeigen, dass Grenzen und Vorstellungen nur die Grenzen haben, die jeder von ihnen setzt. Ob hier in dieser unglaublichen Umgebung des Mont Catogne, in der Cit\u00e9 des Gones oder im Herzen von Charleroi, ich bin stolz darauf, hier und dort die Samen einer leistungsf\u00e4higen Kreislaufwirtschaft zu setzen, die den Menschen und unserer sch\u00f6nen Erde dient.[\/vc_column_text][\/vc_column][vc_column width=&#8221;1\/4&#8243;][\/vc_column][\/vc_row][vc_row][vc_column][vc_empty_space][\/vc_column][\/vc_row]<\/p>\n<\/div>","protected":false},"excerpt":{"rendered":"<p>[vc_row][vc_column width=&#8221;1\/6&#8243;][\/vc_column][vc_column width=&#8221;2\/3&#8243; css=&#8221;.vc_custom_1576836932037{background-image: url(http:\/\/okthemes.com\/lucia-vineyards-demo\/wp-content\/uploads\/2019\/12\/expanded-quotes.png?id=2197) !important;background-position: 0 0 !important;background-repeat: no-repeat !important;}&#8221; el_class=&#8221;background-position-center&#8221;][\/vc_column][vc_column width=&#8221;1\/6&#8243;][\/vc_column][\/vc_row][vc_row][vc_column width=&#8221;1\/4&#8243;][\/vc_column][vc_column width=&#8221;1\/2&#8243; css=&#8221;.vc_custom_1580216206787{padding-right: 0px !important;padding-left: 0px !important;}&#8221;][vc_column_text css=&#8221;.vc_custom_1685428476328{background-position: center !important;background-repeat: no-repeat !important;background-size: contain !important;}&#8221;]Dieses Zitat gewinnt seine volle Bedeutung, wenn ich mit so viel Dankbarkeit und Begeisterung diese herrliche Umgebung bewundere, die der Mont Catogne bietet. Ein Berg in der Schweizer Alpenkette,<\/p>\n<p class=\"more-link-wrapper\"><a class=\"btn btn-primary\" href=\"https:\/\/sembrancher.com\/de\/olivier-genin\/\">Read More<\/a><\/p>\n","protected":false},"author":1,"featured_media":0,"parent":0,"menu_order":0,"comment_status":"closed","ping_status":"closed","template":"","meta":{"footnotes":""},"class_list":["post-6029","page","type-page","status-publish","hentry"],"yoast_head":"<!-- This site is optimized with the Yoast SEO plugin v27.3 - https:\/\/yoast.com\/product\/yoast-seo-wordpress\/ -->\n<title>Olivier Genin - Sembrancher Premium Minerals<\/title>\n<meta name=\"robots\" content=\"index, follow, max-snippet:-1, max-image-preview:large, max-video-preview:-1\" \/>\n<link rel=\"canonical\" href=\"https:\/\/sembrancher.com\/de\/olivier-genin\/\" \/>\n<meta property=\"og:locale\" content=\"de_DE\" \/>\n<meta property=\"og:type\" content=\"article\" \/>\n<meta property=\"og:title\" content=\"Olivier Genin - Sembrancher Premium Minerals\" \/>\n<meta property=\"og:description\" content=\"[vc_row][vc_column width=&#8221;1\/6&#8243;][\/vc_column][vc_column width=&#8221;2\/3&#8243; css=&#8221;.vc_custom_1576836932037{background-image: url(http:\/\/okthemes.com\/lucia-vineyards-demo\/wp-content\/uploads\/2019\/12\/expanded-quotes.png?id=2197) !important;background-position: 0 0 !important;background-repeat: no-repeat !important;}&#8221; el_class=&#8221;background-position-center&#8221;][\/vc_column][vc_column width=&#8221;1\/6&#8243;][\/vc_column][\/vc_row][vc_row][vc_column width=&#8221;1\/4&#8243;][\/vc_column][vc_column width=&#8221;1\/2&#8243; css=&#8221;.vc_custom_1580216206787{padding-right: 0px !important;padding-left: 0px !important;}&#8221;][vc_column_text css=&#8221;.vc_custom_1685428476328{background-position: center !important;background-repeat: no-repeat !important;background-size: contain !important;}&#8221;]Dieses Zitat gewinnt seine volle Bedeutung, wenn ich mit so viel Dankbarkeit und Begeisterung diese herrliche Umgebung bewundere, die der Mont Catogne bietet. Ein Berg in der Schweizer Alpenkette,Read More\" \/>\n<meta property=\"og:url\" content=\"https:\/\/sembrancher.com\/de\/olivier-genin\/\" \/>\n<meta property=\"og:site_name\" content=\"Sembrancher Premium Minerals\" \/>\n<meta property=\"article:modified_time\" content=\"2023-05-30T06:34:25+00:00\" \/>\n<meta property=\"og:image\" content=\"https:\/\/sembrancher.com\/wp-content\/uploads\/2021\/07\/logo-sembrancher-minerals.png\" \/>\n\t<meta property=\"og:image:width\" content=\"280\" \/>\n\t<meta property=\"og:image:height\" content=\"164\" \/>\n\t<meta property=\"og:image:type\" content=\"image\/png\" \/>\n<meta name=\"twitter:card\" content=\"summary_large_image\" \/>\n<meta name=\"twitter:label1\" content=\"Gesch\u00e4tzte Lesezeit\" \/>\n\t<meta name=\"twitter:data1\" content=\"2\u00a0Minuten\" \/>\n<!-- \/ Yoast SEO plugin. -->","yoast_head_json":{"title":"Olivier Genin - Sembrancher Premium Minerals","robots":{"index":"index","follow":"follow","max-snippet":"max-snippet:-1","max-image-preview":"max-image-preview:large","max-video-preview":"max-video-preview:-1"},"canonical":"https:\/\/sembrancher.com\/de\/olivier-genin\/","og_locale":"de_DE","og_type":"article","og_title":"Olivier Genin - Sembrancher Premium Minerals","og_description":"[vc_row][vc_column width=&#8221;1\/6&#8243;][\/vc_column][vc_column width=&#8221;2\/3&#8243; css=&#8221;.vc_custom_1576836932037{background-image: url(http:\/\/okthemes.com\/lucia-vineyards-demo\/wp-content\/uploads\/2019\/12\/expanded-quotes.png?id=2197) !important;background-position: 0 0 !important;background-repeat: no-repeat !important;}&#8221; el_class=&#8221;background-position-center&#8221;][\/vc_column][vc_column width=&#8221;1\/6&#8243;][\/vc_column][\/vc_row][vc_row][vc_column width=&#8221;1\/4&#8243;][\/vc_column][vc_column width=&#8221;1\/2&#8243; css=&#8221;.vc_custom_1580216206787{padding-right: 0px !important;padding-left: 0px !important;}&#8221;][vc_column_text css=&#8221;.vc_custom_1685428476328{background-position: center !important;background-repeat: no-repeat !important;background-size: contain !important;}&#8221;]Dieses Zitat gewinnt seine volle Bedeutung, wenn ich mit so viel Dankbarkeit und Begeisterung diese herrliche Umgebung bewundere, die der Mont Catogne bietet. Ein Berg in der Schweizer Alpenkette,Read More","og_url":"https:\/\/sembrancher.com\/de\/olivier-genin\/","og_site_name":"Sembrancher Premium Minerals","article_modified_time":"2023-05-30T06:34:25+00:00","og_image":[{"width":280,"height":164,"url":"https:\/\/sembrancher.com\/wp-content\/uploads\/2021\/07\/logo-sembrancher-minerals.png","type":"image\/png"}],"twitter_card":"summary_large_image","twitter_misc":{"Gesch\u00e4tzte Lesezeit":"2\u00a0Minuten"},"schema":{"@context":"https:\/\/schema.org","@graph":[{"@type":"WebPage","@id":"https:\/\/sembrancher.com\/de\/olivier-genin\/","url":"https:\/\/sembrancher.com\/de\/olivier-genin\/","name":"Olivier Genin - Sembrancher Premium Minerals","isPartOf":{"@id":"https:\/\/sembrancher.com\/de\/#website"},"datePublished":"2023-05-30T06:24:47+00:00","dateModified":"2023-05-30T06:34:25+00:00","breadcrumb":{"@id":"https:\/\/sembrancher.com\/de\/olivier-genin\/#breadcrumb"},"inLanguage":"de","potentialAction":[{"@type":"ReadAction","target":["https:\/\/sembrancher.com\/de\/olivier-genin\/"]}]},{"@type":"BreadcrumbList","@id":"https:\/\/sembrancher.com\/de\/olivier-genin\/#breadcrumb","itemListElement":[{"@type":"ListItem","position":1,"name":"Accueil","item":"https:\/\/sembrancher.com\/de\/"},{"@type":"ListItem","position":2,"name":"Olivier Genin"}]},{"@type":"WebSite","@id":"https:\/\/sembrancher.com\/de\/#website","url":"https:\/\/sembrancher.com\/de\/","name":"Sembrancher Premium Minerals","description":"Swiss Alps","publisher":{"@id":"https:\/\/sembrancher.com\/de\/#organization"},"potentialAction":[{"@type":"SearchAction","target":{"@type":"EntryPoint","urlTemplate":"https:\/\/sembrancher.com\/de\/?s={search_term_string}"},"query-input":{"@type":"PropertyValueSpecification","valueRequired":true,"valueName":"search_term_string"}}],"inLanguage":"de"},{"@type":"Organization","@id":"https:\/\/sembrancher.com\/de\/#organization","name":"Sembrancher Premium Minerals","url":"https:\/\/sembrancher.com\/de\/","logo":{"@type":"ImageObject","inLanguage":"de","@id":"https:\/\/sembrancher.com\/de\/#\/schema\/logo\/image\/","url":"https:\/\/sembrancher.com\/wp-content\/uploads\/2021\/07\/cropped-cropped-logo-1.png","contentUrl":"https:\/\/sembrancher.com\/wp-content\/uploads\/2021\/07\/cropped-cropped-logo-1.png","width":660,"height":164,"caption":"Sembrancher Premium Minerals"},"image":{"@id":"https:\/\/sembrancher.com\/de\/#\/schema\/logo\/image\/"}}]}},"jetpack_sharing_enabled":true,"_links":{"self":[{"href":"https:\/\/sembrancher.com\/de\/wp-json\/wp\/v2\/pages\/6029","targetHints":{"allow":["GET"]}}],"collection":[{"href":"https:\/\/sembrancher.com\/de\/wp-json\/wp\/v2\/pages"}],"about":[{"href":"https:\/\/sembrancher.com\/de\/wp-json\/wp\/v2\/types\/page"}],"author":[{"embeddable":true,"href":"https:\/\/sembrancher.com\/de\/wp-json\/wp\/v2\/users\/1"}],"replies":[{"embeddable":true,"href":"https:\/\/sembrancher.com\/de\/wp-json\/wp\/v2\/comments?post=6029"}],"version-history":[{"count":3,"href":"https:\/\/sembrancher.com\/de\/wp-json\/wp\/v2\/pages\/6029\/revisions"}],"predecessor-version":[{"id":6038,"href":"https:\/\/sembrancher.com\/de\/wp-json\/wp\/v2\/pages\/6029\/revisions\/6038"}],"wp:attachment":[{"href":"https:\/\/sembrancher.com\/de\/wp-json\/wp\/v2\/media?parent=6029"}],"curies":[{"name":"wp","href":"https:\/\/api.w.org\/{rel}","templated":true}]}}